{"id":88,"date":"2024-05-29T12:22:23","date_gmt":"2024-05-29T09:22:23","guid":{"rendered":"https:\/\/inspire-performing-arts.eu\/?page_id=88"},"modified":"2024-12-02T16:10:28","modified_gmt":"2024-12-02T14:10:28","slug":"objectives","status":"publish","type":"page","link":"https:\/\/inspire-performing-arts.eu\/fr\/objectives\/","title":{"rendered":"Objectifs"},"content":{"rendered":"<div class=\"wp-block-uagb-container uagb-block-fdafab08 alignfull uagb-is-root-container\"><div class=\"uagb-container-inner-blocks-wrap\">\n<p>Les objectifs sp\u00e9cifiques suivants s'attaqueront aux pratiques non durables dans le secteur des arts du spectacle et contribueront \u00e0 combler le d\u00e9ficit de comp\u00e9tences identifi\u00e9 :<\/p>\n\n\n\n<ul class=\"wp-block-list\">\n<li>Identifier les sp\u00e9cificit\u00e9s et les d\u00e9fis de chaque pays partenaire en ce qui concerne le secteur durable des arts du spectacle, les besoins des groupes cibles en mati\u00e8re d'apprentissage et de d\u00e9veloppement, et les mod\u00e8les existants de meilleures pratiques en mati\u00e8re d'apprentissage.<\/li>\n\n\n\n<li>Cr\u00e9er un ensemble de comp\u00e9tences ESCO pour le secteur durable des arts du spectacle qui conduira \u00e0 l'am\u00e9lioration de six (6) profils professionnels ESCO conform\u00e9ment \u00e0 EntreComp, DigiComp et GreenComp pour surmonter l'inad\u00e9quation des comp\u00e9tences dans le secteur des arts du spectacle.<\/li>\n\n\n\n<li>Concevoir et d\u00e9velopper le cadre de formation INSPIRE en utilisant le E, l'ECTS, l'approche des microcr\u00e9dits de l'UE et les titres num\u00e9riques Europass pour l'apprentissage afin de faciliter la reconnaissance des comp\u00e9tences, de l'apprentissage et de l'employabilit\u00e9 des apprenants.<\/li>\n\n\n\n<li>Concevoir et d\u00e9velopper le programme de formation multidisciplinaire INSPIRE, orient\u00e9 vers l'avenir, flexible et centr\u00e9 sur l'apprenant, qui comprend 5 modules pour aider les professionnels du secteur des arts du spectacle \u00e0 se perfectionner dans les disciplines vertes, num\u00e9riques, entrepreneuriales et de r\u00e9silience afin de lancer des productions, des entreprises et des services communautaires durables.<\/li>\n\n\n\n<li>\u00c9laborer le manuel pratique INSPIRE pour les \u00e9ducateurs de l'EFP\/ES comprend 4 chapitres pour permettre aux \u00e9ducateurs de l'EFP\/ES d'offrir des interventions de formation efficaces.<\/li>\n\n\n\n<li>D\u00e9velopper une certification internationale pour le programme de formation INSPIRE<\/li>\n\n\n\n<li>D\u00e9velopper la plateforme d'apprentissage virtuel INSPIRE qui h\u00e9berge les ressources d'apprentissage INSPIRE libres, flexibles, micro, mixtes, bas\u00e9es sur des projets et centr\u00e9es sur l'\u00e9tudiant.<\/li>\n\n\n\n<li>Am\u00e9liorer les comp\u00e9tences de 540 professionnels du secteur des arts du spectacle en leur offrant des possibilit\u00e9s d'apprentissage par l'exp\u00e9rience et sur le lieu de travail.<\/li>\n\n\n\n<li>Am\u00e9liorer les comp\u00e9tences de 60 \u00e9ducateurs de l'EFP\/enseignement sup\u00e9rieur en mati\u00e8re de m\u00e9thodes et d'outils d'enseignement avanc\u00e9s, ainsi qu'en mati\u00e8re de durabilit\u00e9, de num\u00e9risation, d'esprit d'entreprise et de comp\u00e9tences non techniques\/de r\u00e9silience n\u00e9cessaires dans le secteur des arts du spectacle.<\/li>\n<\/ul>\n<\/div><\/div>","protected":false},"excerpt":{"rendered":"<p>The following specific objectives will address the<\/p>","protected":false},"author":1,"featured_media":278,"parent":0,"menu_order":0,"comment_status":"closed","ping_status":"closed","template":"page.php","meta":{"_uag_custom_page_level_css":"","footnotes":""},"class_list":["post-88","page","type-page","status-publish","has-post-thumbnail","hentry"],"yoast_head":"<!-- This site is optimized with the Yoast SEO plugin v26.9 - https:\/\/yoast.com\/product\/yoast-seo-wordpress\/ -->\n<title>Objectives | Inspire<\/title>\n<meta name=\"robots\" content=\"index, follow, max-snippet:-1, max-image-preview:large, max-video-preview:-1\" \/>\n<link rel=\"canonical\" href=\"https:\/\/inspire-performing-arts.eu\/fr\/objectives\/\" \/>\n<meta property=\"og:locale\" content=\"fr_FR\" \/>\n<meta property=\"og:type\" content=\"article\" \/>\n<meta property=\"og:title\" content=\"Objectives | Inspire\" \/>\n<meta property=\"og:description\" content=\"The following specific objectives will address the\" \/>\n<meta property=\"og:url\" content=\"https:\/\/inspire-performing-arts.eu\/fr\/objectives\/\" \/>\n<meta property=\"og:site_name\" content=\"Inspire\" \/>\n<meta property=\"article:modified_time\" content=\"2024-12-02T14:10:28+00:00\" \/>\n<meta property=\"og:image\" content=\"https:\/\/inspire-performing-arts.eu\/wp-content\/uploads\/2024\/12\/feature-header-6-1024x248.png\" \/>\n\t<meta property=\"og:image:width\" content=\"1024\" \/>\n\t<meta property=\"og:image:height\" content=\"248\" \/>\n\t<meta property=\"og:image:type\" content=\"image\/png\" \/>\n<meta name=\"twitter:card\" content=\"summary_large_image\" \/>\n<meta name=\"twitter:label1\" content=\"Dur\u00e9e de lecture estim\u00e9e\" \/>\n\t<meta name=\"twitter:data1\" content=\"2 minutes\" \/>\n<script type=\"application\/ld+json\" class=\"yoast-schema-graph\">{\"@context\":\"https:\/\/schema.org\",\"@graph\":[{\"@type\":\"WebPage\",\"@id\":\"https:\/\/inspire-performing-arts.eu\/objectives\/\",\"url\":\"https:\/\/inspire-performing-arts.eu\/objectives\/\",\"name\":\"Objectives | Inspire\",\"isPartOf\":{\"@id\":\"https:\/\/inspire-performing-arts.eu\/#website\"},\"primaryImageOfPage\":{\"@id\":\"https:\/\/inspire-performing-arts.eu\/objectives\/#primaryimage\"},\"image\":{\"@id\":\"https:\/\/inspire-performing-arts.eu\/objectives\/#primaryimage\"},\"thumbnailUrl\":\"https:\/\/inspire-performing-arts.eu\/wp-content\/uploads\/2024\/12\/feature-header-6.png\",\"datePublished\":\"2024-05-29T09:22:23+00:00\",\"dateModified\":\"2024-12-02T14:10:28+00:00\",\"breadcrumb\":{\"@id\":\"https:\/\/inspire-performing-arts.eu\/objectives\/#breadcrumb\"},\"inLanguage\":\"fr-FR\",\"potentialAction\":[{\"@type\":\"ReadAction\",\"target\":[\"https:\/\/inspire-performing-arts.eu\/objectives\/\"]}]},{\"@type\":\"ImageObject\",\"inLanguage\":\"fr-FR\",\"@id\":\"https:\/\/inspire-performing-arts.eu\/objectives\/#primaryimage\",\"url\":\"https:\/\/inspire-performing-arts.eu\/wp-content\/uploads\/2024\/12\/feature-header-6.png\",\"contentUrl\":\"https:\/\/inspire-performing-arts.eu\/wp-content\/uploads\/2024\/12\/feature-header-6.png\",\"width\":4125,\"height\":1000,\"caption\":\"feature header (6)\"},{\"@type\":\"BreadcrumbList\",\"@id\":\"https:\/\/inspire-performing-arts.eu\/objectives\/#breadcrumb\",\"itemListElement\":[{\"@type\":\"ListItem\",\"position\":1,\"name\":\"Home\",\"item\":\"https:\/\/inspire-performing-arts.eu\/\"},{\"@type\":\"ListItem\",\"position\":2,\"name\":\"Objectives\"}]},{\"@type\":\"WebSite\",\"@id\":\"https:\/\/inspire-performing-arts.eu\/#website\",\"url\":\"https:\/\/inspire-performing-arts.eu\/\",\"name\":\"Inspire\",\"description\":\"\",\"publisher\":{\"@id\":\"https:\/\/inspire-performing-arts.eu\/#organization\"},\"potentialAction\":[{\"@type\":\"SearchAction\",\"target\":{\"@type\":\"EntryPoint\",\"urlTemplate\":\"https:\/\/inspire-performing-arts.eu\/?s={search_term_string}\"},\"query-input\":{\"@type\":\"PropertyValueSpecification\",\"valueRequired\":true,\"valueName\":\"search_term_string\"}}],\"inLanguage\":\"fr-FR\"},{\"@type\":\"Organization\",\"@id\":\"https:\/\/inspire-performing-arts.eu\/#organization\",\"name\":\"Inspire\",\"url\":\"https:\/\/inspire-performing-arts.eu\/\",\"logo\":{\"@type\":\"ImageObject\",\"inLanguage\":\"fr-FR\",\"@id\":\"https:\/\/inspire-performing-arts.eu\/#\/schema\/logo\/image\/\",\"url\":\"https:\/\/inspire-performing-arts.eu\/wp-content\/uploads\/2024\/05\/logo.png\",\"contentUrl\":\"https:\/\/inspire-performing-arts.eu\/wp-content\/uploads\/2024\/05\/logo.png\",\"width\":830,\"height\":451,\"caption\":\"Inspire\"},\"image\":{\"@id\":\"https:\/\/inspire-performing-arts.eu\/#\/schema\/logo\/image\/\"}}]}<\/script>\n<!-- \/ Yoast SEO plugin. -->","yoast_head_json":{"title":"Objectives | Inspire","robots":{"index":"index","follow":"follow","max-snippet":"max-snippet:-1","max-image-preview":"max-image-preview:large","max-video-preview":"max-video-preview:-1"},"canonical":"https:\/\/inspire-performing-arts.eu\/fr\/objectives\/","og_locale":"fr_FR","og_type":"article","og_title":"Objectives | Inspire","og_description":"The following specific objectives will address the","og_url":"https:\/\/inspire-performing-arts.eu\/fr\/objectives\/","og_site_name":"Inspire","article_modified_time":"2024-12-02T14:10:28+00:00","og_image":[{"width":1024,"height":248,"url":"https:\/\/inspire-performing-arts.eu\/wp-content\/uploads\/2024\/12\/feature-header-6-1024x248.png","type":"image\/png"}],"twitter_card":"summary_large_image","twitter_misc":{"Dur\u00e9e de lecture estim\u00e9e":"2 minutes"},"schema":{"@context":"https:\/\/schema.org","@graph":[{"@type":"WebPage","@id":"https:\/\/inspire-performing-arts.eu\/objectives\/","url":"https:\/\/inspire-performing-arts.eu\/objectives\/","name":"Objectives | Inspire","isPartOf":{"@id":"https:\/\/inspire-performing-arts.eu\/#website"},"primaryImageOfPage":{"@id":"https:\/\/inspire-performing-arts.eu\/objectives\/#primaryimage"},"image":{"@id":"https:\/\/inspire-performing-arts.eu\/objectives\/#primaryimage"},"thumbnailUrl":"https:\/\/inspire-performing-arts.eu\/wp-content\/uploads\/2024\/12\/feature-header-6.png","datePublished":"2024-05-29T09:22:23+00:00","dateModified":"2024-12-02T14:10:28+00:00","breadcrumb":{"@id":"https:\/\/inspire-performing-arts.eu\/objectives\/#breadcrumb"},"inLanguage":"fr-FR","potentialAction":[{"@type":"ReadAction","target":["https:\/\/inspire-performing-arts.eu\/objectives\/"]}]},{"@type":"ImageObject","inLanguage":"fr-FR","@id":"https:\/\/inspire-performing-arts.eu\/objectives\/#primaryimage","url":"https:\/\/inspire-performing-arts.eu\/wp-content\/uploads\/2024\/12\/feature-header-6.png","contentUrl":"https:\/\/inspire-performing-arts.eu\/wp-content\/uploads\/2024\/12\/feature-header-6.png","width":4125,"height":1000,"caption":"feature header (6)"},{"@type":"BreadcrumbList","@id":"https:\/\/inspire-performing-arts.eu\/objectives\/#breadcrumb","itemListElement":[{"@type":"ListItem","position":1,"name":"Home","item":"https:\/\/inspire-performing-arts.eu\/"},{"@type":"ListItem","position":2,"name":"Objectives"}]},{"@type":"WebSite","@id":"https:\/\/inspire-performing-arts.eu\/#website","url":"https:\/\/inspire-performing-arts.eu\/","name":"Inspire","description":"","publisher":{"@id":"https:\/\/inspire-performing-arts.eu\/#organization"},"potentialAction":[{"@type":"SearchAction","target":{"@type":"EntryPoint","urlTemplate":"https:\/\/inspire-performing-arts.eu\/?s={search_term_string}"},"query-input":{"@type":"PropertyValueSpecification","valueRequired":true,"valueName":"search_term_string"}}],"inLanguage":"fr-FR"},{"@type":"Organization","@id":"https:\/\/inspire-performing-arts.eu\/#organization","name":"Inspire","url":"https:\/\/inspire-performing-arts.eu\/","logo":{"@type":"ImageObject","inLanguage":"fr-FR","@id":"https:\/\/inspire-performing-arts.eu\/#\/schema\/logo\/image\/","url":"https:\/\/inspire-performing-arts.eu\/wp-content\/uploads\/2024\/05\/logo.png","contentUrl":"https:\/\/inspire-performing-arts.eu\/wp-content\/uploads\/2024\/05\/logo.png","width":830,"height":451,"caption":"Inspire"},"image":{"@id":"https:\/\/inspire-performing-arts.eu\/#\/schema\/logo\/image\/"}}]}},"uagb_featured_image_src":{"full":["https:\/\/inspire-performing-arts.eu\/wp-content\/uploads\/2024\/12\/feature-header-6.png",4125,1000,false],"thumbnail":["https:\/\/inspire-performing-arts.eu\/wp-content\/uploads\/2024\/12\/feature-header-6-150x150.png",150,150,true],"medium":["https:\/\/inspire-performing-arts.eu\/wp-content\/uploads\/2024\/12\/feature-header-6-300x73.png",300,73,true],"medium_large":["https:\/\/inspire-performing-arts.eu\/wp-content\/uploads\/2024\/12\/feature-header-6-768x186.png",768,186,true],"large":["https:\/\/inspire-performing-arts.eu\/wp-content\/uploads\/2024\/12\/feature-header-6-1024x248.png",1024,248,true],"1536x1536":["https:\/\/inspire-performing-arts.eu\/wp-content\/uploads\/2024\/12\/feature-header-6-1536x372.png",1536,372,true],"2048x2048":["https:\/\/inspire-performing-arts.eu\/wp-content\/uploads\/2024\/12\/feature-header-6-2048x496.png",2048,496,true],"trp-custom-language-flag":["https:\/\/inspire-performing-arts.eu\/wp-content\/uploads\/2024\/12\/feature-header-6-18x4.png",18,4,true],"depicter-thumbnail":["https:\/\/inspire-performing-arts.eu\/wp-content\/uploads\/2024\/12\/feature-header-6-200x48.png",200,48,true]},"uagb_author_info":{"display_name":"admin","author_link":"https:\/\/inspire-performing-arts.eu\/fr\/author\/inspireadmnrd\/"},"uagb_comment_info":0,"uagb_excerpt":"The following specific objectives will address the","_links":{"self":[{"href":"https:\/\/inspire-performing-arts.eu\/fr\/wp-json\/wp\/v2\/pages\/88","targetHints":{"allow":["GET"]}}],"collection":[{"href":"https:\/\/inspire-performing-arts.eu\/fr\/wp-json\/wp\/v2\/pages"}],"about":[{"href":"https:\/\/inspire-performing-arts.eu\/fr\/wp-json\/wp\/v2\/types\/page"}],"author":[{"embeddable":true,"href":"https:\/\/inspire-performing-arts.eu\/fr\/wp-json\/wp\/v2\/users\/1"}],"replies":[{"embeddable":true,"href":"https:\/\/inspire-performing-arts.eu\/fr\/wp-json\/wp\/v2\/comments?post=88"}],"version-history":[{"count":0,"href":"https:\/\/inspire-performing-arts.eu\/fr\/wp-json\/wp\/v2\/pages\/88\/revisions"}],"wp:featuredmedia":[{"embeddable":true,"href":"https:\/\/inspire-performing-arts.eu\/fr\/wp-json\/wp\/v2\/media\/278"}],"wp:attachment":[{"href":"https:\/\/inspire-performing-arts.eu\/fr\/wp-json\/wp\/v2\/media?parent=88"}],"curies":[{"name":"wp","href":"https:\/\/api.w.org\/{rel}","templated":true}]}}