{"id":12,"date":"2024-04-26T03:55:13","date_gmt":"2024-04-26T03:55:13","guid":{"rendered":"https:\/\/inspiring-bouman.194-163-157-123.plesk.page\/?page_id=12"},"modified":"2024-12-03T18:21:07","modified_gmt":"2024-12-03T16:21:07","slug":"e-learning-platform","status":"publish","type":"page","link":"https:\/\/inspire-performing-arts.eu\/fr\/e-learning-platform\/","title":{"rendered":"Produits livrables du projet"},"content":{"rendered":"<p>Le projet produira les r\u00e9sultats suivants :&nbsp;<\/p>\n\n\n\n<ul class=\"wp-block-list\">\n<li><strong>Un rapport sur les besoins du march\u00e9 du travail: <\/strong>Le projet implique 250 parties prenantes du secteur des arts du spectacle dans l'identification des besoins d'apprentissage et des demandes du march\u00e9, am\u00e9liorant ainsi la r\u00e9activit\u00e9 du march\u00e9 du travail.<br><a class=\"main-btn-results\" href=\"https:\/\/inspire-performing-arts.eu\/wp-content\/uploads\/2024\/12\/FR_European-Report_T2_2_Needs-analysis.pdf\">D2.1 Rapport sur les besoins du march\u00e9 du travail\n - T\u00e9l\u00e9chargez ici<\/a><\/li>\n<\/ul>\n\n\n\n<ul class=\"wp-block-list\">\n<li class=\" translation-block\"><strong>Un ensemble de comp\u00e9tences ESCO pour le secteur durable des arts du spectacle<\/strong> comprenant les comp\u00e9tences appropri\u00e9es pour am\u00e9liorer les profils professionnels ESCO des directeurs de production de spectacles, des sc\u00e9nographes, des directeurs artistiques et de sc\u00e8ne, des gestionnaires d'installations et des techniciens de sc\u00e8ne dans les domaines de la durabilit\u00e9, de l'esprit d'entreprise et des TIC.<br><a class=\"main-btn-results\" href=\"https:\/\/inspire-performing-arts.eu\/wp-content\/uploads\/2024\/12\/D2.2-ESCO-Competence-Package_FR.pdf\" target=\"_self\" role=\"link\">D2.2 Paquet de comp\u00e9tences ESCO pour le secteur durable des arts du spectacle - T\u00e9l\u00e9chargez ici<\/a><\/li>\n<\/ul>\n\n\n\n<ul class=\"wp-block-list\">\n<li class=\" translation-block\"><strong>Le programme de formation INSPIRE<\/strong>, qui consiste en un cours professionnel ouvert en ligne (Vocational Open Online Course, \u00ab VOOC \u00bb), destin\u00e9 aux professionnels actuels et futurs du secteur des arts du spectacle et aux \u00e9tudiants.<\/li>\n<\/ul>\n\n\n\n<ul class=\"wp-block-list\">\n<li class=\" translation-block\"><strong>Le manuel pratique INSPIRE<\/strong> pour les formateurs et les \u00e9ducateurs de la formation professionnelle et de l'enseignement sup\u00e9rieur afin de leur pr\u00e9senter le nouveau programme et le contenu de formation du programme de formation en ligne INSPIRE. Il mettra l'accent sur le travail avec des approches d'apprentissage bas\u00e9es sur des projets, des micro-apprentissages, des apprentissages mixtes et bas\u00e9s sur le travail ainsi que d'autres m\u00e9thodes importantes d'\u00e9ducation non formelle et aidera le public cibl\u00e9 \u00e0 faciliter des activit\u00e9s de formation efficaces, \u00e0 la fois en face-\u00e0-face et \u00e0 distance.<\/li>\n<\/ul>\n\n\n\n<ul class=\"wp-block-list\">\n<li class=\" translation-block\"><strong>La plateforme d'apprentissage virtuel INSPIRE<\/strong> pour l'apprentissage en ligne et l'espace collaboratif contenant le VOOC et le mat\u00e9riel de formation du manuel pratique, avec un format interactif. Elle permettra aux utilisateurs d'obtenir un certificat de participation apr\u00e8s avoir suivi les cours avec succ\u00e8s.<\/li>\n<\/ul>\n\n\n\n<ul class=\"wp-block-list\">\n<li class=\" translation-block\"><strong>5 s\u00e9minaires de formation INSPIRE<\/strong> seront organis\u00e9s pour les formateurs et les \u00e9ducateurs de l'EFP et de l'enseignement sup\u00e9rieur sur le manuel pratique INSPIRE afin de pouvoir soutenir la mise en \u0153uvre du VOOC et fournir des formations en ligne efficaces et des activit\u00e9s d'apprentissage bas\u00e9es sur le travail, concernant l'approche holistique de la conception, de la gestion et de la mise en \u0153uvre de productions durables pour le secteur des arts du spectacle.<\/li>\n<\/ul>\n\n\n\n<ul class=\"wp-block-list\">\n<li class=\" translation-block\"><strong>Mise en \u0153uvre du programme de formation INSPIRE<\/strong>. Apr\u00e8s l'ach\u00e8vement des s\u00e9minaires de formation dans chaque pays partenaire, le programme de formation en ligne INSPIRE pour les directeurs de production de spectacles, les sc\u00e9nographes, les directeurs artistiques et sc\u00e9niques, les gestionnaires d'installations et les techniciens de sc\u00e8ne, existants ou potentiels, sera mis en place.<\/li>\n<\/ul>\n\n\n\n<ul class=\"wp-block-list\">\n<li class=\" translation-block\"><strong>Les strat\u00e9gies de recommandations politiques<\/strong> viseront \u00e0 informer les d\u00e9cideurs des options politiques concernant la transformation du secteur des arts du spectacle en un secteur plus durable et r\u00e9silient, qui sont bas\u00e9es sur des preuves, solides et qui permettront d'obtenir les r\u00e9sultats positifs et les changements souhait\u00e9s.<\/li>\n<\/ul>","protected":false},"excerpt":{"rendered":"<p>Le projet produira les r\u00e9sultats suivants :&nbsp;<\/p>","protected":false},"author":1,"featured_media":283,"parent":0,"menu_order":0,"comment_status":"closed","ping_status":"closed","template":"page.php","meta":{"_uag_custom_page_level_css":"","footnotes":""},"class_list":["post-12","page","type-page","status-publish","has-post-thumbnail","hentry"],"yoast_head":"<!-- This site is optimized with the Yoast SEO plugin v26.9 - https:\/\/yoast.com\/product\/yoast-seo-wordpress\/ -->\n<title>Results and Deliverables | Inspire<\/title>\n<meta name=\"robots\" content=\"index, follow, max-snippet:-1, max-image-preview:large, max-video-preview:-1\" \/>\n<link rel=\"canonical\" href=\"https:\/\/inspire-performing-arts.eu\/fr\/e-learning-platform\/\" \/>\n<meta property=\"og:locale\" content=\"fr_FR\" \/>\n<meta property=\"og:type\" content=\"article\" \/>\n<meta property=\"og:title\" content=\"Results and Deliverables | Inspire\" \/>\n<meta property=\"og:description\" content=\"The project will yield the following results:&nbsp;\" \/>\n<meta property=\"og:url\" content=\"https:\/\/inspire-performing-arts.eu\/fr\/e-learning-platform\/\" \/>\n<meta property=\"og:site_name\" content=\"Inspire\" \/>\n<meta property=\"article:modified_time\" content=\"2024-12-03T16:21:07+00:00\" \/>\n<meta property=\"og:image\" content=\"https:\/\/inspire-performing-arts.eu\/wp-content\/uploads\/2024\/12\/feature-header-2-1024x248.png\" \/>\n\t<meta property=\"og:image:width\" content=\"1024\" \/>\n\t<meta property=\"og:image:height\" content=\"248\" \/>\n\t<meta property=\"og:image:type\" content=\"image\/png\" \/>\n<meta name=\"twitter:card\" content=\"summary_large_image\" \/>\n<meta name=\"twitter:label1\" content=\"Dur\u00e9e de lecture estim\u00e9e\" \/>\n\t<meta name=\"twitter:data1\" content=\"2 minutes\" \/>\n<script type=\"application\/ld+json\" class=\"yoast-schema-graph\">{\"@context\":\"https:\/\/schema.org\",\"@graph\":[{\"@type\":\"WebPage\",\"@id\":\"https:\/\/inspire-performing-arts.eu\/e-learning-platform\/\",\"url\":\"https:\/\/inspire-performing-arts.eu\/e-learning-platform\/\",\"name\":\"Results and Deliverables | Inspire\",\"isPartOf\":{\"@id\":\"https:\/\/inspire-performing-arts.eu\/#website\"},\"primaryImageOfPage\":{\"@id\":\"https:\/\/inspire-performing-arts.eu\/e-learning-platform\/#primaryimage\"},\"image\":{\"@id\":\"https:\/\/inspire-performing-arts.eu\/e-learning-platform\/#primaryimage\"},\"thumbnailUrl\":\"https:\/\/inspire-performing-arts.eu\/wp-content\/uploads\/2024\/12\/feature-header-2.png\",\"datePublished\":\"2024-04-26T03:55:13+00:00\",\"dateModified\":\"2024-12-03T16:21:07+00:00\",\"breadcrumb\":{\"@id\":\"https:\/\/inspire-performing-arts.eu\/e-learning-platform\/#breadcrumb\"},\"inLanguage\":\"fr-FR\",\"potentialAction\":[{\"@type\":\"ReadAction\",\"target\":[\"https:\/\/inspire-performing-arts.eu\/e-learning-platform\/\"]}]},{\"@type\":\"ImageObject\",\"inLanguage\":\"fr-FR\",\"@id\":\"https:\/\/inspire-performing-arts.eu\/e-learning-platform\/#primaryimage\",\"url\":\"https:\/\/inspire-performing-arts.eu\/wp-content\/uploads\/2024\/12\/feature-header-2.png\",\"contentUrl\":\"https:\/\/inspire-performing-arts.eu\/wp-content\/uploads\/2024\/12\/feature-header-2.png\",\"width\":4125,\"height\":1000,\"caption\":\"feature header (2)\"},{\"@type\":\"BreadcrumbList\",\"@id\":\"https:\/\/inspire-performing-arts.eu\/e-learning-platform\/#breadcrumb\",\"itemListElement\":[{\"@type\":\"ListItem\",\"position\":1,\"name\":\"Home\",\"item\":\"https:\/\/inspire-performing-arts.eu\/\"},{\"@type\":\"ListItem\",\"position\":2,\"name\":\"Results and Deliverables\"}]},{\"@type\":\"WebSite\",\"@id\":\"https:\/\/inspire-performing-arts.eu\/#website\",\"url\":\"https:\/\/inspire-performing-arts.eu\/\",\"name\":\"Inspire\",\"description\":\"\",\"publisher\":{\"@id\":\"https:\/\/inspire-performing-arts.eu\/#organization\"},\"potentialAction\":[{\"@type\":\"SearchAction\",\"target\":{\"@type\":\"EntryPoint\",\"urlTemplate\":\"https:\/\/inspire-performing-arts.eu\/?s={search_term_string}\"},\"query-input\":{\"@type\":\"PropertyValueSpecification\",\"valueRequired\":true,\"valueName\":\"search_term_string\"}}],\"inLanguage\":\"fr-FR\"},{\"@type\":\"Organization\",\"@id\":\"https:\/\/inspire-performing-arts.eu\/#organization\",\"name\":\"Inspire\",\"url\":\"https:\/\/inspire-performing-arts.eu\/\",\"logo\":{\"@type\":\"ImageObject\",\"inLanguage\":\"fr-FR\",\"@id\":\"https:\/\/inspire-performing-arts.eu\/#\/schema\/logo\/image\/\",\"url\":\"https:\/\/inspire-performing-arts.eu\/wp-content\/uploads\/2024\/05\/logo.png\",\"contentUrl\":\"https:\/\/inspire-performing-arts.eu\/wp-content\/uploads\/2024\/05\/logo.png\",\"width\":830,\"height\":451,\"caption\":\"Inspire\"},\"image\":{\"@id\":\"https:\/\/inspire-performing-arts.eu\/#\/schema\/logo\/image\/\"}}]}<\/script>\n<!-- \/ Yoast SEO plugin. -->","yoast_head_json":{"title":"Results and Deliverables | Inspire","robots":{"index":"index","follow":"follow","max-snippet":"max-snippet:-1","max-image-preview":"max-image-preview:large","max-video-preview":"max-video-preview:-1"},"canonical":"https:\/\/inspire-performing-arts.eu\/fr\/e-learning-platform\/","og_locale":"fr_FR","og_type":"article","og_title":"Results and Deliverables | Inspire","og_description":"The project will yield the following results:&nbsp;","og_url":"https:\/\/inspire-performing-arts.eu\/fr\/e-learning-platform\/","og_site_name":"Inspire","article_modified_time":"2024-12-03T16:21:07+00:00","og_image":[{"width":1024,"height":248,"url":"https:\/\/inspire-performing-arts.eu\/wp-content\/uploads\/2024\/12\/feature-header-2-1024x248.png","type":"image\/png"}],"twitter_card":"summary_large_image","twitter_misc":{"Dur\u00e9e de lecture estim\u00e9e":"2 minutes"},"schema":{"@context":"https:\/\/schema.org","@graph":[{"@type":"WebPage","@id":"https:\/\/inspire-performing-arts.eu\/e-learning-platform\/","url":"https:\/\/inspire-performing-arts.eu\/e-learning-platform\/","name":"Results and Deliverables | Inspire","isPartOf":{"@id":"https:\/\/inspire-performing-arts.eu\/#website"},"primaryImageOfPage":{"@id":"https:\/\/inspire-performing-arts.eu\/e-learning-platform\/#primaryimage"},"image":{"@id":"https:\/\/inspire-performing-arts.eu\/e-learning-platform\/#primaryimage"},"thumbnailUrl":"https:\/\/inspire-performing-arts.eu\/wp-content\/uploads\/2024\/12\/feature-header-2.png","datePublished":"2024-04-26T03:55:13+00:00","dateModified":"2024-12-03T16:21:07+00:00","breadcrumb":{"@id":"https:\/\/inspire-performing-arts.eu\/e-learning-platform\/#breadcrumb"},"inLanguage":"fr-FR","potentialAction":[{"@type":"ReadAction","target":["https:\/\/inspire-performing-arts.eu\/e-learning-platform\/"]}]},{"@type":"ImageObject","inLanguage":"fr-FR","@id":"https:\/\/inspire-performing-arts.eu\/e-learning-platform\/#primaryimage","url":"https:\/\/inspire-performing-arts.eu\/wp-content\/uploads\/2024\/12\/feature-header-2.png","contentUrl":"https:\/\/inspire-performing-arts.eu\/wp-content\/uploads\/2024\/12\/feature-header-2.png","width":4125,"height":1000,"caption":"feature header (2)"},{"@type":"BreadcrumbList","@id":"https:\/\/inspire-performing-arts.eu\/e-learning-platform\/#breadcrumb","itemListElement":[{"@type":"ListItem","position":1,"name":"Home","item":"https:\/\/inspire-performing-arts.eu\/"},{"@type":"ListItem","position":2,"name":"Results and Deliverables"}]},{"@type":"WebSite","@id":"https:\/\/inspire-performing-arts.eu\/#website","url":"https:\/\/inspire-performing-arts.eu\/","name":"Inspire","description":"","publisher":{"@id":"https:\/\/inspire-performing-arts.eu\/#organization"},"potentialAction":[{"@type":"SearchAction","target":{"@type":"EntryPoint","urlTemplate":"https:\/\/inspire-performing-arts.eu\/?s={search_term_string}"},"query-input":{"@type":"PropertyValueSpecification","valueRequired":true,"valueName":"search_term_string"}}],"inLanguage":"fr-FR"},{"@type":"Organization","@id":"https:\/\/inspire-performing-arts.eu\/#organization","name":"Inspire","url":"https:\/\/inspire-performing-arts.eu\/","logo":{"@type":"ImageObject","inLanguage":"fr-FR","@id":"https:\/\/inspire-performing-arts.eu\/#\/schema\/logo\/image\/","url":"https:\/\/inspire-performing-arts.eu\/wp-content\/uploads\/2024\/05\/logo.png","contentUrl":"https:\/\/inspire-performing-arts.eu\/wp-content\/uploads\/2024\/05\/logo.png","width":830,"height":451,"caption":"Inspire"},"image":{"@id":"https:\/\/inspire-performing-arts.eu\/#\/schema\/logo\/image\/"}}]}},"uagb_featured_image_src":{"full":["https:\/\/inspire-performing-arts.eu\/wp-content\/uploads\/2024\/12\/feature-header-2.png",4125,1000,false],"thumbnail":["https:\/\/inspire-performing-arts.eu\/wp-content\/uploads\/2024\/12\/feature-header-2-150x150.png",150,150,true],"medium":["https:\/\/inspire-performing-arts.eu\/wp-content\/uploads\/2024\/12\/feature-header-2-300x73.png",300,73,true],"medium_large":["https:\/\/inspire-performing-arts.eu\/wp-content\/uploads\/2024\/12\/feature-header-2-768x186.png",768,186,true],"large":["https:\/\/inspire-performing-arts.eu\/wp-content\/uploads\/2024\/12\/feature-header-2-1024x248.png",1024,248,true],"1536x1536":["https:\/\/inspire-performing-arts.eu\/wp-content\/uploads\/2024\/12\/feature-header-2-1536x372.png",1536,372,true],"2048x2048":["https:\/\/inspire-performing-arts.eu\/wp-content\/uploads\/2024\/12\/feature-header-2-2048x496.png",2048,496,true],"trp-custom-language-flag":["https:\/\/inspire-performing-arts.eu\/wp-content\/uploads\/2024\/12\/feature-header-2-18x4.png",18,4,true],"depicter-thumbnail":["https:\/\/inspire-performing-arts.eu\/wp-content\/uploads\/2024\/12\/feature-header-2-200x48.png",200,48,true]},"uagb_author_info":{"display_name":"admin","author_link":"https:\/\/inspire-performing-arts.eu\/fr\/author\/inspireadmnrd\/"},"uagb_comment_info":0,"uagb_excerpt":"The project will yield the following results:&nbsp;","_links":{"self":[{"href":"https:\/\/inspire-performing-arts.eu\/fr\/wp-json\/wp\/v2\/pages\/12","targetHints":{"allow":["GET"]}}],"collection":[{"href":"https:\/\/inspire-performing-arts.eu\/fr\/wp-json\/wp\/v2\/pages"}],"about":[{"href":"https:\/\/inspire-performing-arts.eu\/fr\/wp-json\/wp\/v2\/types\/page"}],"author":[{"embeddable":true,"href":"https:\/\/inspire-performing-arts.eu\/fr\/wp-json\/wp\/v2\/users\/1"}],"replies":[{"embeddable":true,"href":"https:\/\/inspire-performing-arts.eu\/fr\/wp-json\/wp\/v2\/comments?post=12"}],"version-history":[{"count":0,"href":"https:\/\/inspire-performing-arts.eu\/fr\/wp-json\/wp\/v2\/pages\/12\/revisions"}],"wp:featuredmedia":[{"embeddable":true,"href":"https:\/\/inspire-performing-arts.eu\/fr\/wp-json\/wp\/v2\/media\/283"}],"wp:attachment":[{"href":"https:\/\/inspire-performing-arts.eu\/fr\/wp-json\/wp\/v2\/media?parent=12"}],"curies":[{"name":"wp","href":"https:\/\/api.w.org\/{rel}","templated":true}]}}