{"id":88,"date":"2024-05-29T12:22:23","date_gmt":"2024-05-29T09:22:23","guid":{"rendered":"https:\/\/inspire-performing-arts.eu\/?page_id=88"},"modified":"2024-12-02T16:10:28","modified_gmt":"2024-12-02T14:10:28","slug":"objectives","status":"publish","type":"page","link":"https:\/\/inspire-performing-arts.eu\/es\/objectives\/","title":{"rendered":"Objetivos"},"content":{"rendered":"<div class=\"wp-block-uagb-container uagb-block-fdafab08 alignfull uagb-is-root-container\"><div class=\"uagb-container-inner-blocks-wrap\">\n<p>Los siguientes objetivos espec\u00edficos abordar\u00e1n las pr\u00e1cticas no sostenibles en el sector de las artes esc\u00e9nicas y contribuir\u00e1n a cerrar la brecha de competencias identificada.<\/p>\n\n\n\n<ul class=\"wp-block-list\">\n<li>Identificar las especificidades y desaf\u00edos en cada pa\u00eds participante en relaci\u00f3n con la sostenibilidad en el sector de artes esc\u00e9nicas, las necesidades de aprendizaje y desarrollo de los grupos objetivo, y los modelos existentes de mejores pr\u00e1cticas de aprendizaje.<\/li>\n\n\n\n<li>Crear un Paquete de Competencias ESCO para el Sector de las Artes Esc\u00e9nicas en el \u00e1mbito de la sostenibilidad, que llevar\u00e1 a la actualizaci\u00f3n de seis (6) perfiles ocupacionales ESCO en l\u00ednea con EntreComp, DigiComp y GreenComp para superar la brechas de competencias en el Sector de las Artes Esc\u00e9nicas.<\/li>\n\n\n\n<li>Dise\u00f1ar y desarrollar el Marco Formativo INSPIRE, utilizando los referentes EQF, ECTS y el sistema de Microcredenciales de la UE, adem\u00e1s de las Credenciales Digitales Europass para el Aprendizaje, con el fin de facilitar el reconocimiento de competencias, aprendizajes y favorecer la empleabilidad de los estudiantes.<\/li>\n\n\n\n<li>Dise\u00f1ar y desarrollar el Programa de Formaci\u00f3n INSPIRE, orientado al futuro, flexible y centrado en el alumno. El porgrama esta compuesto por 5 m\u00f3dulos para apoyar a los profesionales del sector de las artes esc\u00e9nicas a mejorar y adquirir nuevas competencias en disciplinas verdes, digitales, emprendedoras y de resiliencia, con el fin de favorecer la realizacion de producciones, negocios y servicios comunitarios sostenibles.<\/li>\n\n\n\n<li>Elaborar el Manual Pr\u00e1ctico INSPIRE para educadores de formaci\u00f3n profesional (FP)y\/o estudios superiores (ES), compuesto por 4 cap\u00edtulos para capacitar a los educadores de FP\/ES en la implantaci\u00f3n de intervenciones formativas.<\/li>\n\n\n\n<li>Desarollar una Certificaci\u00f3n Internacional para el Programa de formaci\u00f3n INSPIRE.<\/li>\n\n\n\n<li>Desarrollar la Plataforma de Aprendizaje Virtual INSPIRE, que contengan los recursos de aprendizaje accesibles y abiertos, flexibles y  basados en proyectos y centrados en el estudiante.<\/li>\n\n\n\n<li>Mejorar las competencias de 540 profesionales del sector de las artes esc\u00e9nicas, proporcionando oportunidades de formaci\u00f3n basadas en la experiencia y la pr\u00e1ctica.<\/li>\n\n\n\n<li>Mejorar las competencias de 60 formadores en los sectores de FP y ES con metodolog\u00edas de ense\u00f1anza avanzadas y herramientas sobre sostenibilidad, digitalizaci\u00f3n, emprendimiento, habilidades blandas y resiliencia necesarias en el sector de las artes esc\u00e9nicas.<\/li>\n<\/ul>\n<\/div><\/div>","protected":false},"excerpt":{"rendered":"<p>The following specific objectives will address the<\/p>","protected":false},"author":1,"featured_media":278,"parent":0,"menu_order":0,"comment_status":"closed","ping_status":"closed","template":"page.php","meta":{"_uag_custom_page_level_css":"","footnotes":""},"class_list":["post-88","page","type-page","status-publish","has-post-thumbnail","hentry"],"yoast_head":"<!-- This site is optimized with the Yoast SEO plugin v26.9 - https:\/\/yoast.com\/product\/yoast-seo-wordpress\/ -->\n<title>Objectives | Inspire<\/title>\n<meta name=\"robots\" content=\"index, follow, max-snippet:-1, max-image-preview:large, max-video-preview:-1\" \/>\n<link rel=\"canonical\" href=\"https:\/\/inspire-performing-arts.eu\/es\/objectives\/\" \/>\n<meta property=\"og:locale\" content=\"es_ES\" \/>\n<meta property=\"og:type\" content=\"article\" \/>\n<meta property=\"og:title\" content=\"Objectives | Inspire\" \/>\n<meta property=\"og:description\" content=\"The following specific objectives will address the\" \/>\n<meta property=\"og:url\" content=\"https:\/\/inspire-performing-arts.eu\/es\/objectives\/\" \/>\n<meta property=\"og:site_name\" content=\"Inspire\" \/>\n<meta property=\"article:modified_time\" content=\"2024-12-02T14:10:28+00:00\" \/>\n<meta property=\"og:image\" content=\"https:\/\/inspire-performing-arts.eu\/wp-content\/uploads\/2024\/12\/feature-header-6-1024x248.png\" \/>\n\t<meta property=\"og:image:width\" content=\"1024\" \/>\n\t<meta property=\"og:image:height\" content=\"248\" \/>\n\t<meta property=\"og:image:type\" content=\"image\/png\" \/>\n<meta name=\"twitter:card\" content=\"summary_large_image\" \/>\n<meta name=\"twitter:label1\" content=\"Tiempo de lectura\" \/>\n\t<meta name=\"twitter:data1\" content=\"2 minutos\" \/>\n<script type=\"application\/ld+json\" class=\"yoast-schema-graph\">{\"@context\":\"https:\/\/schema.org\",\"@graph\":[{\"@type\":\"WebPage\",\"@id\":\"https:\/\/inspire-performing-arts.eu\/objectives\/\",\"url\":\"https:\/\/inspire-performing-arts.eu\/objectives\/\",\"name\":\"Objectives | Inspire\",\"isPartOf\":{\"@id\":\"https:\/\/inspire-performing-arts.eu\/#website\"},\"primaryImageOfPage\":{\"@id\":\"https:\/\/inspire-performing-arts.eu\/objectives\/#primaryimage\"},\"image\":{\"@id\":\"https:\/\/inspire-performing-arts.eu\/objectives\/#primaryimage\"},\"thumbnailUrl\":\"https:\/\/inspire-performing-arts.eu\/wp-content\/uploads\/2024\/12\/feature-header-6.png\",\"datePublished\":\"2024-05-29T09:22:23+00:00\",\"dateModified\":\"2024-12-02T14:10:28+00:00\",\"breadcrumb\":{\"@id\":\"https:\/\/inspire-performing-arts.eu\/objectives\/#breadcrumb\"},\"inLanguage\":\"es\",\"potentialAction\":[{\"@type\":\"ReadAction\",\"target\":[\"https:\/\/inspire-performing-arts.eu\/objectives\/\"]}]},{\"@type\":\"ImageObject\",\"inLanguage\":\"es\",\"@id\":\"https:\/\/inspire-performing-arts.eu\/objectives\/#primaryimage\",\"url\":\"https:\/\/inspire-performing-arts.eu\/wp-content\/uploads\/2024\/12\/feature-header-6.png\",\"contentUrl\":\"https:\/\/inspire-performing-arts.eu\/wp-content\/uploads\/2024\/12\/feature-header-6.png\",\"width\":4125,\"height\":1000,\"caption\":\"feature header (6)\"},{\"@type\":\"BreadcrumbList\",\"@id\":\"https:\/\/inspire-performing-arts.eu\/objectives\/#breadcrumb\",\"itemListElement\":[{\"@type\":\"ListItem\",\"position\":1,\"name\":\"Home\",\"item\":\"https:\/\/inspire-performing-arts.eu\/\"},{\"@type\":\"ListItem\",\"position\":2,\"name\":\"Objectives\"}]},{\"@type\":\"WebSite\",\"@id\":\"https:\/\/inspire-performing-arts.eu\/#website\",\"url\":\"https:\/\/inspire-performing-arts.eu\/\",\"name\":\"Inspire\",\"description\":\"\",\"publisher\":{\"@id\":\"https:\/\/inspire-performing-arts.eu\/#organization\"},\"potentialAction\":[{\"@type\":\"SearchAction\",\"target\":{\"@type\":\"EntryPoint\",\"urlTemplate\":\"https:\/\/inspire-performing-arts.eu\/?s={search_term_string}\"},\"query-input\":{\"@type\":\"PropertyValueSpecification\",\"valueRequired\":true,\"valueName\":\"search_term_string\"}}],\"inLanguage\":\"es\"},{\"@type\":\"Organization\",\"@id\":\"https:\/\/inspire-performing-arts.eu\/#organization\",\"name\":\"Inspire\",\"url\":\"https:\/\/inspire-performing-arts.eu\/\",\"logo\":{\"@type\":\"ImageObject\",\"inLanguage\":\"es\",\"@id\":\"https:\/\/inspire-performing-arts.eu\/#\/schema\/logo\/image\/\",\"url\":\"https:\/\/inspire-performing-arts.eu\/wp-content\/uploads\/2024\/05\/logo.png\",\"contentUrl\":\"https:\/\/inspire-performing-arts.eu\/wp-content\/uploads\/2024\/05\/logo.png\",\"width\":830,\"height\":451,\"caption\":\"Inspire\"},\"image\":{\"@id\":\"https:\/\/inspire-performing-arts.eu\/#\/schema\/logo\/image\/\"}}]}<\/script>\n<!-- \/ Yoast SEO plugin. -->","yoast_head_json":{"title":"Objectives | Inspire","robots":{"index":"index","follow":"follow","max-snippet":"max-snippet:-1","max-image-preview":"max-image-preview:large","max-video-preview":"max-video-preview:-1"},"canonical":"https:\/\/inspire-performing-arts.eu\/es\/objectives\/","og_locale":"es_ES","og_type":"article","og_title":"Objectives | Inspire","og_description":"The following specific objectives will address the","og_url":"https:\/\/inspire-performing-arts.eu\/es\/objectives\/","og_site_name":"Inspire","article_modified_time":"2024-12-02T14:10:28+00:00","og_image":[{"width":1024,"height":248,"url":"https:\/\/inspire-performing-arts.eu\/wp-content\/uploads\/2024\/12\/feature-header-6-1024x248.png","type":"image\/png"}],"twitter_card":"summary_large_image","twitter_misc":{"Tiempo de lectura":"2 minutos"},"schema":{"@context":"https:\/\/schema.org","@graph":[{"@type":"WebPage","@id":"https:\/\/inspire-performing-arts.eu\/objectives\/","url":"https:\/\/inspire-performing-arts.eu\/objectives\/","name":"Objectives | Inspire","isPartOf":{"@id":"https:\/\/inspire-performing-arts.eu\/#website"},"primaryImageOfPage":{"@id":"https:\/\/inspire-performing-arts.eu\/objectives\/#primaryimage"},"image":{"@id":"https:\/\/inspire-performing-arts.eu\/objectives\/#primaryimage"},"thumbnailUrl":"https:\/\/inspire-performing-arts.eu\/wp-content\/uploads\/2024\/12\/feature-header-6.png","datePublished":"2024-05-29T09:22:23+00:00","dateModified":"2024-12-02T14:10:28+00:00","breadcrumb":{"@id":"https:\/\/inspire-performing-arts.eu\/objectives\/#breadcrumb"},"inLanguage":"es","potentialAction":[{"@type":"ReadAction","target":["https:\/\/inspire-performing-arts.eu\/objectives\/"]}]},{"@type":"ImageObject","inLanguage":"es","@id":"https:\/\/inspire-performing-arts.eu\/objectives\/#primaryimage","url":"https:\/\/inspire-performing-arts.eu\/wp-content\/uploads\/2024\/12\/feature-header-6.png","contentUrl":"https:\/\/inspire-performing-arts.eu\/wp-content\/uploads\/2024\/12\/feature-header-6.png","width":4125,"height":1000,"caption":"feature header (6)"},{"@type":"BreadcrumbList","@id":"https:\/\/inspire-performing-arts.eu\/objectives\/#breadcrumb","itemListElement":[{"@type":"ListItem","position":1,"name":"Home","item":"https:\/\/inspire-performing-arts.eu\/"},{"@type":"ListItem","position":2,"name":"Objectives"}]},{"@type":"WebSite","@id":"https:\/\/inspire-performing-arts.eu\/#website","url":"https:\/\/inspire-performing-arts.eu\/","name":"Inspire","description":"","publisher":{"@id":"https:\/\/inspire-performing-arts.eu\/#organization"},"potentialAction":[{"@type":"SearchAction","target":{"@type":"EntryPoint","urlTemplate":"https:\/\/inspire-performing-arts.eu\/?s={search_term_string}"},"query-input":{"@type":"PropertyValueSpecification","valueRequired":true,"valueName":"search_term_string"}}],"inLanguage":"es"},{"@type":"Organization","@id":"https:\/\/inspire-performing-arts.eu\/#organization","name":"Inspire","url":"https:\/\/inspire-performing-arts.eu\/","logo":{"@type":"ImageObject","inLanguage":"es","@id":"https:\/\/inspire-performing-arts.eu\/#\/schema\/logo\/image\/","url":"https:\/\/inspire-performing-arts.eu\/wp-content\/uploads\/2024\/05\/logo.png","contentUrl":"https:\/\/inspire-performing-arts.eu\/wp-content\/uploads\/2024\/05\/logo.png","width":830,"height":451,"caption":"Inspire"},"image":{"@id":"https:\/\/inspire-performing-arts.eu\/#\/schema\/logo\/image\/"}}]}},"uagb_featured_image_src":{"full":["https:\/\/inspire-performing-arts.eu\/wp-content\/uploads\/2024\/12\/feature-header-6.png",4125,1000,false],"thumbnail":["https:\/\/inspire-performing-arts.eu\/wp-content\/uploads\/2024\/12\/feature-header-6-150x150.png",150,150,true],"medium":["https:\/\/inspire-performing-arts.eu\/wp-content\/uploads\/2024\/12\/feature-header-6-300x73.png",300,73,true],"medium_large":["https:\/\/inspire-performing-arts.eu\/wp-content\/uploads\/2024\/12\/feature-header-6-768x186.png",768,186,true],"large":["https:\/\/inspire-performing-arts.eu\/wp-content\/uploads\/2024\/12\/feature-header-6-1024x248.png",1024,248,true],"1536x1536":["https:\/\/inspire-performing-arts.eu\/wp-content\/uploads\/2024\/12\/feature-header-6-1536x372.png",1536,372,true],"2048x2048":["https:\/\/inspire-performing-arts.eu\/wp-content\/uploads\/2024\/12\/feature-header-6-2048x496.png",2048,496,true],"trp-custom-language-flag":["https:\/\/inspire-performing-arts.eu\/wp-content\/uploads\/2024\/12\/feature-header-6-18x4.png",18,4,true],"depicter-thumbnail":["https:\/\/inspire-performing-arts.eu\/wp-content\/uploads\/2024\/12\/feature-header-6-200x48.png",200,48,true]},"uagb_author_info":{"display_name":"admin","author_link":"https:\/\/inspire-performing-arts.eu\/es\/author\/inspireadmnrd\/"},"uagb_comment_info":0,"uagb_excerpt":"The following specific objectives will address the","_links":{"self":[{"href":"https:\/\/inspire-performing-arts.eu\/es\/wp-json\/wp\/v2\/pages\/88","targetHints":{"allow":["GET"]}}],"collection":[{"href":"https:\/\/inspire-performing-arts.eu\/es\/wp-json\/wp\/v2\/pages"}],"about":[{"href":"https:\/\/inspire-performing-arts.eu\/es\/wp-json\/wp\/v2\/types\/page"}],"author":[{"embeddable":true,"href":"https:\/\/inspire-performing-arts.eu\/es\/wp-json\/wp\/v2\/users\/1"}],"replies":[{"embeddable":true,"href":"https:\/\/inspire-performing-arts.eu\/es\/wp-json\/wp\/v2\/comments?post=88"}],"version-history":[{"count":0,"href":"https:\/\/inspire-performing-arts.eu\/es\/wp-json\/wp\/v2\/pages\/88\/revisions"}],"wp:featuredmedia":[{"embeddable":true,"href":"https:\/\/inspire-performing-arts.eu\/es\/wp-json\/wp\/v2\/media\/278"}],"wp:attachment":[{"href":"https:\/\/inspire-performing-arts.eu\/es\/wp-json\/wp\/v2\/media?parent=88"}],"curies":[{"name":"wp","href":"https:\/\/api.w.org\/{rel}","templated":true}]}}