{"id":12,"date":"2024-04-26T03:55:13","date_gmt":"2024-04-26T03:55:13","guid":{"rendered":"https:\/\/inspiring-bouman.194-163-157-123.plesk.page\/?page_id=12"},"modified":"2024-12-03T18:21:07","modified_gmt":"2024-12-03T16:21:07","slug":"e-learning-platform","status":"publish","type":"page","link":"https:\/\/inspire-performing-arts.eu\/es\/e-learning-platform\/","title":{"rendered":"Resultados del proyecto"},"content":{"rendered":"<p>El proyecto producir\u00e1 los siguientes resultados&nbsp;<\/p>\n\n\n\n<ul class=\"wp-block-list\">\n<li><strong>Un informe sobre las necesidades del mercado laboral: <\/strong>El proyecto implica a 250 partes interesadas del sector de las artes esc\u00e9nicas en la identificaci\u00f3n de las necesidades de aprendizaje y las demandas del mercado, mejorando la capacidad de respuesta del mercado laboral.<br><a class=\"main-btn-results\" href=\"https:\/\/inspire-performing-arts.eu\/wp-content\/uploads\/2024\/12\/ES_European-Report_T2_2_Needs-analysis.pdf\">D2.1 Informe sobre las necesidades del mercado laboral - Descargar aqu\u00ed<\/a><\/li>\n<\/ul>\n\n\n\n<ul class=\"wp-block-list\">\n<li class=\" translation-block\"><strong>Un Paquete de Competencias ESCO para el Sector Sostenible de las Artes Esc\u00e9nicas<\/strong> que incluye las competencias adecuadas para actualizar los perfiles profesionales ESCO de los directores de producci\u00f3n de espect\u00e1culos, escen\u00f3grafos, directores art\u00edsticos y de escena, gestores de instalaciones y t\u00e9cnicos de escena en los \u00e1mbitos de la sostenibilidad, el esp\u00edritu empresarial y las TIC.<br><a class=\"main-btn-results\" href=\"https:\/\/inspire-performing-arts.eu\/wp-content\/uploads\/2024\/12\/D2.2-ESCO-Competence-Package-ES.pdf\" target=\"_self\" role=\"link\">D2.2 Paquete de competencias ESCO para el sector sostenible de las artes esc\u00e9nicas - Descargar aqu\u00ed<\/a><\/li>\n<\/ul>\n\n\n\n<ul class=\"wp-block-list\">\n<li class=\" translation-block\"><strong>El Programa de Formaci\u00f3n INSPIRE<\/strong>, que consiste en un Curso Profesional Abierto en L\u00ednea (VOOC), para profesionales actuales y futuros del sector de las artes esc\u00e9nicas y estudiantes.<\/li>\n<\/ul>\n\n\n\n<ul class=\"wp-block-list\">\n<li class=\" translation-block\"><strong>El Manual Pr\u00e1ctico INSPIRE<\/strong> para formadores y educadores de EFP\/HEI, que les introducir\u00e1 en el curr\u00edculo recientemente establecido y en los contenidos formativos del Programa de Formaci\u00f3n en l\u00ednea INSPIRE y har\u00e1 especial hincapi\u00e9 en el trabajo con enfoques de aprendizaje basados en proyectos, microaprendizaje, aprendizaje mixto y aprendizaje basado en el trabajo, as\u00ed como en otros importantes m\u00e9todos de educaci\u00f3n no formal, y ayudar\u00e1 al p\u00fablico destinatario a facilitar actividades de formaci\u00f3n eficaces, tanto presenciales como a distancia.<\/li>\n<\/ul>\n\n\n\n<ul class=\"wp-block-list\">\n<li class=\" translation-block\"><strong>La plataforma de aprendizaje virtual INSPIRE<\/strong> para el aprendizaje en l\u00ednea y el espacio colaborativo que alberga el VOOC y el material formativo del Manual Pr\u00e1ctico, con formato interactivo. Permitir\u00e1 a los usuarios obtener la certificaci\u00f3n de asistencia una vez superados los cursos.<\/li>\n<\/ul>\n\n\n\n<ul class=\"wp-block-list\">\n<li class=\" translation-block\"><strong>Se impartir\u00e1n 5 seminarios de formaci\u00f3n INSPIRE<\/strong> a formadores y educadores de FP y HE sobre el Manual Pr\u00e1ctico INSPIRE para poder apoyar la implementaci\u00f3n del VOOC e impartir formaciones en l\u00ednea efectivas y actividades de aprendizaje basadas en el trabajo, en relaci\u00f3n con el enfoque hol\u00edstico del dise\u00f1o, gesti\u00f3n e implementaci\u00f3n de producciones sostenibles para el sector de las artes esc\u00e9nicas.<\/li>\n<\/ul>\n\n\n\n<ul class=\"wp-block-list\">\n<li class=\" translation-block\"><strong>Impartici\u00f3n del programa de formaci\u00f3n INSPIRE<\/strong>. Una vez finalizados los seminarios de formaci\u00f3n en cada pa\u00eds socio, se impartir\u00e1 el programa de formaci\u00f3n en l\u00ednea INSPIRE para los actuales y futuros directores de producci\u00f3n de espect\u00e1culos, escen\u00f3grafos, directores art\u00edsticos y de escena, gestores de instalaciones y t\u00e9cnicos de escena.<\/li>\n<\/ul>\n\n\n\n<ul class=\"wp-block-list\">\n<li class=\" translation-block\"><strong>Las estrategias de recomendaciones pol\u00edticas<\/strong> tratar\u00e1n de informar a los responsables de la toma de decisiones sobre las opciones pol\u00edticas relativas a la transformaci\u00f3n del sector de las artes esc\u00e9nicas en un sector m\u00e1s sostenible y resistente, que est\u00e9n basadas en pruebas, sean s\u00f3lidas y logren los resultados positivos y el cambio deseados.<\/li>\n<\/ul>","protected":false},"excerpt":{"rendered":"<p>El proyecto producir\u00e1 los siguientes resultados&nbsp;<\/p>","protected":false},"author":1,"featured_media":283,"parent":0,"menu_order":0,"comment_status":"closed","ping_status":"closed","template":"page.php","meta":{"_uag_custom_page_level_css":"","footnotes":""},"class_list":["post-12","page","type-page","status-publish","has-post-thumbnail","hentry"],"yoast_head":"<!-- This site is optimized with the Yoast SEO plugin v26.9 - https:\/\/yoast.com\/product\/yoast-seo-wordpress\/ -->\n<title>Results and Deliverables | Inspire<\/title>\n<meta name=\"robots\" content=\"index, follow, max-snippet:-1, max-image-preview:large, max-video-preview:-1\" \/>\n<link rel=\"canonical\" href=\"https:\/\/inspire-performing-arts.eu\/es\/e-learning-platform\/\" \/>\n<meta property=\"og:locale\" content=\"es_ES\" \/>\n<meta property=\"og:type\" content=\"article\" \/>\n<meta property=\"og:title\" content=\"Results and Deliverables | Inspire\" \/>\n<meta property=\"og:description\" content=\"The project will yield the following results:&nbsp;\" \/>\n<meta property=\"og:url\" content=\"https:\/\/inspire-performing-arts.eu\/es\/e-learning-platform\/\" \/>\n<meta property=\"og:site_name\" content=\"Inspire\" \/>\n<meta property=\"article:modified_time\" content=\"2024-12-03T16:21:07+00:00\" \/>\n<meta property=\"og:image\" content=\"https:\/\/inspire-performing-arts.eu\/wp-content\/uploads\/2024\/12\/feature-header-2-1024x248.png\" \/>\n\t<meta property=\"og:image:width\" content=\"1024\" \/>\n\t<meta property=\"og:image:height\" content=\"248\" \/>\n\t<meta property=\"og:image:type\" content=\"image\/png\" \/>\n<meta name=\"twitter:card\" content=\"summary_large_image\" \/>\n<meta name=\"twitter:label1\" content=\"Tiempo de lectura\" \/>\n\t<meta name=\"twitter:data1\" content=\"2 minutos\" \/>\n<script type=\"application\/ld+json\" class=\"yoast-schema-graph\">{\"@context\":\"https:\/\/schema.org\",\"@graph\":[{\"@type\":\"WebPage\",\"@id\":\"https:\/\/inspire-performing-arts.eu\/e-learning-platform\/\",\"url\":\"https:\/\/inspire-performing-arts.eu\/e-learning-platform\/\",\"name\":\"Results and Deliverables | Inspire\",\"isPartOf\":{\"@id\":\"https:\/\/inspire-performing-arts.eu\/#website\"},\"primaryImageOfPage\":{\"@id\":\"https:\/\/inspire-performing-arts.eu\/e-learning-platform\/#primaryimage\"},\"image\":{\"@id\":\"https:\/\/inspire-performing-arts.eu\/e-learning-platform\/#primaryimage\"},\"thumbnailUrl\":\"https:\/\/inspire-performing-arts.eu\/wp-content\/uploads\/2024\/12\/feature-header-2.png\",\"datePublished\":\"2024-04-26T03:55:13+00:00\",\"dateModified\":\"2024-12-03T16:21:07+00:00\",\"breadcrumb\":{\"@id\":\"https:\/\/inspire-performing-arts.eu\/e-learning-platform\/#breadcrumb\"},\"inLanguage\":\"es\",\"potentialAction\":[{\"@type\":\"ReadAction\",\"target\":[\"https:\/\/inspire-performing-arts.eu\/e-learning-platform\/\"]}]},{\"@type\":\"ImageObject\",\"inLanguage\":\"es\",\"@id\":\"https:\/\/inspire-performing-arts.eu\/e-learning-platform\/#primaryimage\",\"url\":\"https:\/\/inspire-performing-arts.eu\/wp-content\/uploads\/2024\/12\/feature-header-2.png\",\"contentUrl\":\"https:\/\/inspire-performing-arts.eu\/wp-content\/uploads\/2024\/12\/feature-header-2.png\",\"width\":4125,\"height\":1000,\"caption\":\"feature header (2)\"},{\"@type\":\"BreadcrumbList\",\"@id\":\"https:\/\/inspire-performing-arts.eu\/e-learning-platform\/#breadcrumb\",\"itemListElement\":[{\"@type\":\"ListItem\",\"position\":1,\"name\":\"Home\",\"item\":\"https:\/\/inspire-performing-arts.eu\/\"},{\"@type\":\"ListItem\",\"position\":2,\"name\":\"Results and Deliverables\"}]},{\"@type\":\"WebSite\",\"@id\":\"https:\/\/inspire-performing-arts.eu\/#website\",\"url\":\"https:\/\/inspire-performing-arts.eu\/\",\"name\":\"Inspire\",\"description\":\"\",\"publisher\":{\"@id\":\"https:\/\/inspire-performing-arts.eu\/#organization\"},\"potentialAction\":[{\"@type\":\"SearchAction\",\"target\":{\"@type\":\"EntryPoint\",\"urlTemplate\":\"https:\/\/inspire-performing-arts.eu\/?s={search_term_string}\"},\"query-input\":{\"@type\":\"PropertyValueSpecification\",\"valueRequired\":true,\"valueName\":\"search_term_string\"}}],\"inLanguage\":\"es\"},{\"@type\":\"Organization\",\"@id\":\"https:\/\/inspire-performing-arts.eu\/#organization\",\"name\":\"Inspire\",\"url\":\"https:\/\/inspire-performing-arts.eu\/\",\"logo\":{\"@type\":\"ImageObject\",\"inLanguage\":\"es\",\"@id\":\"https:\/\/inspire-performing-arts.eu\/#\/schema\/logo\/image\/\",\"url\":\"https:\/\/inspire-performing-arts.eu\/wp-content\/uploads\/2024\/05\/logo.png\",\"contentUrl\":\"https:\/\/inspire-performing-arts.eu\/wp-content\/uploads\/2024\/05\/logo.png\",\"width\":830,\"height\":451,\"caption\":\"Inspire\"},\"image\":{\"@id\":\"https:\/\/inspire-performing-arts.eu\/#\/schema\/logo\/image\/\"}}]}<\/script>\n<!-- \/ Yoast SEO plugin. -->","yoast_head_json":{"title":"Results and Deliverables | Inspire","robots":{"index":"index","follow":"follow","max-snippet":"max-snippet:-1","max-image-preview":"max-image-preview:large","max-video-preview":"max-video-preview:-1"},"canonical":"https:\/\/inspire-performing-arts.eu\/es\/e-learning-platform\/","og_locale":"es_ES","og_type":"article","og_title":"Results and Deliverables | Inspire","og_description":"The project will yield the following results:&nbsp;","og_url":"https:\/\/inspire-performing-arts.eu\/es\/e-learning-platform\/","og_site_name":"Inspire","article_modified_time":"2024-12-03T16:21:07+00:00","og_image":[{"width":1024,"height":248,"url":"https:\/\/inspire-performing-arts.eu\/wp-content\/uploads\/2024\/12\/feature-header-2-1024x248.png","type":"image\/png"}],"twitter_card":"summary_large_image","twitter_misc":{"Tiempo de lectura":"2 minutos"},"schema":{"@context":"https:\/\/schema.org","@graph":[{"@type":"WebPage","@id":"https:\/\/inspire-performing-arts.eu\/e-learning-platform\/","url":"https:\/\/inspire-performing-arts.eu\/e-learning-platform\/","name":"Results and Deliverables | Inspire","isPartOf":{"@id":"https:\/\/inspire-performing-arts.eu\/#website"},"primaryImageOfPage":{"@id":"https:\/\/inspire-performing-arts.eu\/e-learning-platform\/#primaryimage"},"image":{"@id":"https:\/\/inspire-performing-arts.eu\/e-learning-platform\/#primaryimage"},"thumbnailUrl":"https:\/\/inspire-performing-arts.eu\/wp-content\/uploads\/2024\/12\/feature-header-2.png","datePublished":"2024-04-26T03:55:13+00:00","dateModified":"2024-12-03T16:21:07+00:00","breadcrumb":{"@id":"https:\/\/inspire-performing-arts.eu\/e-learning-platform\/#breadcrumb"},"inLanguage":"es","potentialAction":[{"@type":"ReadAction","target":["https:\/\/inspire-performing-arts.eu\/e-learning-platform\/"]}]},{"@type":"ImageObject","inLanguage":"es","@id":"https:\/\/inspire-performing-arts.eu\/e-learning-platform\/#primaryimage","url":"https:\/\/inspire-performing-arts.eu\/wp-content\/uploads\/2024\/12\/feature-header-2.png","contentUrl":"https:\/\/inspire-performing-arts.eu\/wp-content\/uploads\/2024\/12\/feature-header-2.png","width":4125,"height":1000,"caption":"feature header (2)"},{"@type":"BreadcrumbList","@id":"https:\/\/inspire-performing-arts.eu\/e-learning-platform\/#breadcrumb","itemListElement":[{"@type":"ListItem","position":1,"name":"Home","item":"https:\/\/inspire-performing-arts.eu\/"},{"@type":"ListItem","position":2,"name":"Results and Deliverables"}]},{"@type":"WebSite","@id":"https:\/\/inspire-performing-arts.eu\/#website","url":"https:\/\/inspire-performing-arts.eu\/","name":"Inspire","description":"","publisher":{"@id":"https:\/\/inspire-performing-arts.eu\/#organization"},"potentialAction":[{"@type":"SearchAction","target":{"@type":"EntryPoint","urlTemplate":"https:\/\/inspire-performing-arts.eu\/?s={search_term_string}"},"query-input":{"@type":"PropertyValueSpecification","valueRequired":true,"valueName":"search_term_string"}}],"inLanguage":"es"},{"@type":"Organization","@id":"https:\/\/inspire-performing-arts.eu\/#organization","name":"Inspire","url":"https:\/\/inspire-performing-arts.eu\/","logo":{"@type":"ImageObject","inLanguage":"es","@id":"https:\/\/inspire-performing-arts.eu\/#\/schema\/logo\/image\/","url":"https:\/\/inspire-performing-arts.eu\/wp-content\/uploads\/2024\/05\/logo.png","contentUrl":"https:\/\/inspire-performing-arts.eu\/wp-content\/uploads\/2024\/05\/logo.png","width":830,"height":451,"caption":"Inspire"},"image":{"@id":"https:\/\/inspire-performing-arts.eu\/#\/schema\/logo\/image\/"}}]}},"uagb_featured_image_src":{"full":["https:\/\/inspire-performing-arts.eu\/wp-content\/uploads\/2024\/12\/feature-header-2.png",4125,1000,false],"thumbnail":["https:\/\/inspire-performing-arts.eu\/wp-content\/uploads\/2024\/12\/feature-header-2-150x150.png",150,150,true],"medium":["https:\/\/inspire-performing-arts.eu\/wp-content\/uploads\/2024\/12\/feature-header-2-300x73.png",300,73,true],"medium_large":["https:\/\/inspire-performing-arts.eu\/wp-content\/uploads\/2024\/12\/feature-header-2-768x186.png",768,186,true],"large":["https:\/\/inspire-performing-arts.eu\/wp-content\/uploads\/2024\/12\/feature-header-2-1024x248.png",1024,248,true],"1536x1536":["https:\/\/inspire-performing-arts.eu\/wp-content\/uploads\/2024\/12\/feature-header-2-1536x372.png",1536,372,true],"2048x2048":["https:\/\/inspire-performing-arts.eu\/wp-content\/uploads\/2024\/12\/feature-header-2-2048x496.png",2048,496,true],"trp-custom-language-flag":["https:\/\/inspire-performing-arts.eu\/wp-content\/uploads\/2024\/12\/feature-header-2-18x4.png",18,4,true],"depicter-thumbnail":["https:\/\/inspire-performing-arts.eu\/wp-content\/uploads\/2024\/12\/feature-header-2-200x48.png",200,48,true]},"uagb_author_info":{"display_name":"admin","author_link":"https:\/\/inspire-performing-arts.eu\/es\/author\/inspireadmnrd\/"},"uagb_comment_info":0,"uagb_excerpt":"The project will yield the following results:&nbsp;","_links":{"self":[{"href":"https:\/\/inspire-performing-arts.eu\/es\/wp-json\/wp\/v2\/pages\/12","targetHints":{"allow":["GET"]}}],"collection":[{"href":"https:\/\/inspire-performing-arts.eu\/es\/wp-json\/wp\/v2\/pages"}],"about":[{"href":"https:\/\/inspire-performing-arts.eu\/es\/wp-json\/wp\/v2\/types\/page"}],"author":[{"embeddable":true,"href":"https:\/\/inspire-performing-arts.eu\/es\/wp-json\/wp\/v2\/users\/1"}],"replies":[{"embeddable":true,"href":"https:\/\/inspire-performing-arts.eu\/es\/wp-json\/wp\/v2\/comments?post=12"}],"version-history":[{"count":0,"href":"https:\/\/inspire-performing-arts.eu\/es\/wp-json\/wp\/v2\/pages\/12\/revisions"}],"wp:featuredmedia":[{"embeddable":true,"href":"https:\/\/inspire-performing-arts.eu\/es\/wp-json\/wp\/v2\/media\/283"}],"wp:attachment":[{"href":"https:\/\/inspire-performing-arts.eu\/es\/wp-json\/wp\/v2\/media?parent=12"}],"curies":[{"name":"wp","href":"https:\/\/api.w.org\/{rel}","templated":true}]}}