{"id":8,"date":"2024-04-26T03:53:52","date_gmt":"2024-04-26T03:53:52","guid":{"rendered":"https:\/\/inspiring-bouman.194-163-157-123.plesk.page\/?page_id=8"},"modified":"2026-02-18T00:12:49","modified_gmt":"2026-02-17T22:12:49","slug":"home","status":"publish","type":"page","link":"https:\/\/inspire-performing-arts.eu\/de\/","title":{"rendered":"Home"},"content":{"rendered":"<div class=\"wp-block-uagb-container section-1 animate uagb-layout-flex uagb-block-f7e84330 alignfull uagb-is-root-container\">\n<div class=\"wp-block-uagb-container uagb-block-d78b5c56\">\n<figure class=\"wp-block-image size-medium is-resized\"><img loading=\"lazy\" decoding=\"async\" width=\"270\" height=\"300\" src=\"https:\/\/inspire-performing-arts.eu\/wp-content\/uploads\/2024\/05\/image-1-270x300.png\" alt=\"image-1\" class=\"wp-image-48\" style=\"width:auto;height:380px\" srcset=\"https:\/\/inspire-performing-arts.eu\/wp-content\/uploads\/2024\/05\/image-1-270x300.png 270w, https:\/\/inspire-performing-arts.eu\/wp-content\/uploads\/2024\/05\/image-1-11x12.png 11w, https:\/\/inspire-performing-arts.eu\/wp-content\/uploads\/2024\/05\/image-1.png 710w\" sizes=\"auto, (max-width: 270px) 100vw, 270px\" \/><\/figure>\n<\/div>\n\n\n\n<div class=\"wp-block-uagb-container section-1-right uagb-block-d7468546\">\n<div class=\"wp-block-columns is-layout-flex wp-container-core-columns-is-layout-9d6595d7 wp-block-columns-is-layout-flex\">\n<div class=\"wp-block-column is-layout-flow wp-block-column-is-layout-flow\" style=\"flex-basis:80%\">\n<h2 class=\"wp-block-heading\">\u00dcber das Projekt<\/h2>\n<\/div>\n\n\n\n<div class=\"wp-block-column is-layout-flow wp-block-column-is-layout-flow\" style=\"flex-basis:20%\">\n<a href=\"https:\/\/inspire-performing-arts.eu\/de\/about\/\" class=\"main-btn\">Mehr erfahren<\/a>\n<\/div>\n<\/div>\n\n\n\n<p>INSPIRE ist bestrebt die gr\u00fcnen, digitalen, unternehmerischen, sozialen und Resilienz-F\u00e4higkeiten von aktiven und zuk\u00fcnftigen Produktionsleitern, B\u00fchnenbildnern, k\u00fcnstlerischen Leitern, B\u00fchnenregisseuren, Facility-Managern und B\u00fchnentechnikern, aus Darstellenden Kunst zu verbessern.  Weiter sollen die Lehrf\u00e4higkeiten von Berufs- und Hochschulbildungsexperten auf eine ganzheitliche und innovative Weise erweitert werden, damit dieser Sektor als Treiber und Erm\u00f6glicher einer nachhaltigen Entwicklung in Europa und dar\u00fcber hinaus wirken kann. Das Anliegen ist Innovation durch strategische Zusammenarbeit und Wissensaustausch zwischen 3 Hochschul- und Berufsbildungseinrichtungen und 8 Arbeitsmarktvertretern in 6 europ\u00e4ischen L\u00e4ndern, die im Bereich der Darstellenden Kunst t\u00e4tig sind, zu stimulieren.<\/p>\n<a href=\"https:\/\/inspire-performing-arts.eu\/de\/e-learning-platform\/\" style=\"width:fit-content!important;\" class=\"main-btn-results\">You can download the project deliverables here<\/a>\n<\/div>\n<\/div>\n\n\n\n<div class=\"wp-block-uagb-container section-2 animate uagb-block-4acaed5d alignfull uagb-is-root-container\">\n<div class=\"wp-block-uagb-container uagb-layout-grid uagb-block-0d541b28\">\n<div class=\"wp-block-uagb-container section-2-left uagb-block-f16bde06\">\n<div class=\"wp-block-columns is-layout-flex wp-container-core-columns-is-layout-9d6595d7 wp-block-columns-is-layout-flex\">\n<div class=\"wp-block-column is-layout-flow wp-block-column-is-layout-flow\" style=\"flex-basis:66.66%\">\n<h2 class=\"wp-block-heading has-text-align-left\">Latest News<\/h2>\n<\/div>\n\n\n\n<div class=\"wp-block-column is-layout-flow wp-block-column-is-layout-flow\" style=\"flex-basis:33.33%\">\n<a href=\"https:\/\/inspire-performing-arts.eu\/de\/news\/\" class=\"main-btn\">Mehr erfahren<\/a>\n<\/div>\n<\/div>\n\n\n\n\t\t\t<div class=\"wp-block-uagb-post-grid uagb-post-grid  uagb-post__image-position-top uagb-post__image-enabled uagb-block-654b7214     uagb-post__items uagb-post__columns-3 is-grid uagb-post__columns-tablet-2 uagb-post__columns-mobile-1 uagb-post__equal-height uagb-equal_height_inline-read-more-buttons\" data-total=\"5\" style=\"\">\n\n\t\t\t\t\t\t\t\t\t\t\t\t<article class=\"uagb-post__inner-wrap\">\t\t\t\t\t\t\t\t<div class='uagb-post__image'>\n\t\t\t\t\t\t\t\t\t<a href=\"https:\/\/inspire-performing-arts.eu\/de\/the-road-ahead-2026-milestones\/\" target=\"_self\" rel=\"bookmark noopener noreferrer\" class='uagb-image-ratio-inherit'><img loading=\"lazy\" decoding=\"async\" width=\"1000\" height=\"532\" src=\"https:\/\/inspire-performing-arts.eu\/wp-content\/uploads\/2026\/02\/Picture-for-post-3.jpg\" class=\"attachment-large size-large\" alt=\"Picture for post 3\" srcset=\"https:\/\/inspire-performing-arts.eu\/wp-content\/uploads\/2026\/02\/Picture-for-post-3.jpg 1000w, https:\/\/inspire-performing-arts.eu\/wp-content\/uploads\/2026\/02\/Picture-for-post-3-300x160.jpg 300w, https:\/\/inspire-performing-arts.eu\/wp-content\/uploads\/2026\/02\/Picture-for-post-3-768x409.jpg 768w, https:\/\/inspire-performing-arts.eu\/wp-content\/uploads\/2026\/02\/Picture-for-post-3-18x10.jpg 18w, https:\/\/inspire-performing-arts.eu\/wp-content\/uploads\/2026\/02\/Picture-for-post-3-200x106.jpg 200w\" sizes=\"auto, (max-width: 1000px) 100vw, 1000px\" \/>\t\t\t\t\t<\/a>\n\t\t\t\t\t\t\t<\/div>\n\t\t\t\t\t\t<h4 class=\"uagb-post__title uagb-post__text\">\n\t\t\t\t<a href=\"https:\/\/inspire-performing-arts.eu\/de\/the-road-ahead-2026-milestones\/\" target=\"_self\" rel=\"bookmark noopener noreferrer\">Der Weg in die Zukunft: Meilensteine f\u00fcr 2026<\/a>\n\t\t\t<\/h4>\n\t\t\t\t\t\t<div class='uagb-post__text uagb-post-grid-byline'>\n\t\t\t\t\t\t\t\t<time datetime=\"2026-02-20T17:35:11+02:00\" class=\"uagb-post__date\">\n\t\t\t\t\t\t\t\t\tFebruar 20, 2026\t\t\t\t<\/time>\n\t\t\t\t\t\t<\/div>\n\t\t\t\n\t\t\t\t\t\t\t\t\t<\/article>\n\t\t\t\t\t\t\t\t\t\t\t\t\t\t\t\t<article class=\"uagb-post__inner-wrap\">\t\t\t\t\t\t\t\t<div class='uagb-post__image'>\n\t\t\t\t\t\t\t\t\t<a href=\"https:\/\/inspire-performing-arts.eu\/de\/january-partners-meeting-in-vienna\/\" target=\"_self\" rel=\"bookmark noopener noreferrer\" class='uagb-image-ratio-inherit'><img loading=\"lazy\" decoding=\"async\" width=\"603\" height=\"187\" src=\"https:\/\/inspire-performing-arts.eu\/wp-content\/uploads\/2026\/02\/Picture-for-post-2.jpg\" class=\"attachment-large size-large\" alt=\"Picture for post 2\" srcset=\"https:\/\/inspire-performing-arts.eu\/wp-content\/uploads\/2026\/02\/Picture-for-post-2.jpg 603w, https:\/\/inspire-performing-arts.eu\/wp-content\/uploads\/2026\/02\/Picture-for-post-2-300x93.jpg 300w, https:\/\/inspire-performing-arts.eu\/wp-content\/uploads\/2026\/02\/Picture-for-post-2-18x6.jpg 18w, https:\/\/inspire-performing-arts.eu\/wp-content\/uploads\/2026\/02\/Picture-for-post-2-200x62.jpg 200w\" sizes=\"auto, (max-width: 603px) 100vw, 603px\" \/>\t\t\t\t\t<\/a>\n\t\t\t\t\t\t\t<\/div>\n\t\t\t\t\t\t<h4 class=\"uagb-post__title uagb-post__text\">\n\t\t\t\t<a href=\"https:\/\/inspire-performing-arts.eu\/de\/january-partners-meeting-in-vienna\/\" target=\"_self\" rel=\"bookmark noopener noreferrer\">Partnertreffen im Januar in Wien<\/a>\n\t\t\t<\/h4>\n\t\t\t\t\t\t<div class='uagb-post__text uagb-post-grid-byline'>\n\t\t\t\t\t\t\t\t<time datetime=\"2026-02-20T17:34:22+02:00\" class=\"uagb-post__date\">\n\t\t\t\t\t\t\t\t\tFebruar 20, 2026\t\t\t\t<\/time>\n\t\t\t\t\t\t<\/div>\n\t\t\t\n\t\t\t\t\t\t\t\t\t<\/article>\n\t\t\t\t\t\t\t\t\t\t\t\t\t\t\t\t<article class=\"uagb-post__inner-wrap\">\t\t\t\t\t\t\t\t<div class='uagb-post__image'>\n\t\t\t\t\t\t\t\t\t<a href=\"https:\/\/inspire-performing-arts.eu\/de\/join-the-inspire-train-the-trainers-seminars\/\" target=\"_self\" rel=\"bookmark noopener noreferrer\" class='uagb-image-ratio-inherit'><img loading=\"lazy\" decoding=\"async\" width=\"297\" height=\"170\" src=\"https:\/\/inspire-performing-arts.eu\/wp-content\/uploads\/2026\/02\/Picture-for-post-1.jpg\" class=\"attachment-large size-large\" alt=\"Picture for post 1\" srcset=\"https:\/\/inspire-performing-arts.eu\/wp-content\/uploads\/2026\/02\/Picture-for-post-1.jpg 297w, https:\/\/inspire-performing-arts.eu\/wp-content\/uploads\/2026\/02\/Picture-for-post-1-18x10.jpg 18w, https:\/\/inspire-performing-arts.eu\/wp-content\/uploads\/2026\/02\/Picture-for-post-1-200x114.jpg 200w\" sizes=\"auto, (max-width: 297px) 100vw, 297px\" \/>\t\t\t\t\t<\/a>\n\t\t\t\t\t\t\t<\/div>\n\t\t\t\t\t\t<h4 class=\"uagb-post__title uagb-post__text\">\n\t\t\t\t<a href=\"https:\/\/inspire-performing-arts.eu\/de\/join-the-inspire-train-the-trainers-seminars\/\" target=\"_self\" rel=\"bookmark noopener noreferrer\">Nehmen Sie an den INSPIRE-Train-the-Trainers-Seminaren teil<\/a>\n\t\t\t<\/h4>\n\t\t\t\t\t\t<div class='uagb-post__text uagb-post-grid-byline'>\n\t\t\t\t\t\t\t\t<time datetime=\"2026-02-20T17:33:27+02:00\" class=\"uagb-post__date\">\n\t\t\t\t\t\t\t\t\tFebruar 20, 2026\t\t\t\t<\/time>\n\t\t\t\t\t\t<\/div>\n\t\t\t\n\t\t\t\t\t\t\t\t\t<\/article>\n\t\t\t\t\t\t\t\t\t\t\t<\/div>\n\t\t\t<\/div>\n\n\n\n<div class=\"wp-block-uagb-container uagb-block-8da17ccd\">\n<div class=\"wp-block-uagb-image uagb-block-78b68d76 wp-block-uagb-image--layout-default wp-block-uagb-image--effect-static wp-block-uagb-image--align-none\"><figure class=\"wp-block-uagb-image__figure\"><img decoding=\"async\" srcset=\"https:\/\/inspire-performing-arts.eu\/wp-content\/uploads\/2024\/12\/new-inspire-NEWS-PHOTO-.png ,https:\/\/inspire-performing-arts.eu\/wp-content\/uploads\/2024\/12\/new-inspire-NEWS-PHOTO-.png 780w, https:\/\/inspire-performing-arts.eu\/wp-content\/uploads\/2024\/12\/new-inspire-NEWS-PHOTO-.png 360w\" sizes=\"auto, (max-width: 480px) 150px\" src=\"https:\/\/inspire-performing-arts.eu\/wp-content\/uploads\/2024\/12\/new-inspire-NEWS-PHOTO-.png\" alt=\"new inspire NEWS PHOTO\" class=\"uag-image-265\" width=\"1024\" height=\"858\" title=\"new inspire NEWS PHOTO\" loading=\"lazy\" role=\"img\"\/><\/figure><\/div>\n<\/div>\n<\/div>\n<\/div>\n\n\n\n<div class=\"wp-block-uagb-container section-5 animate uagb-block-6a19884f alignfull uagb-is-root-container\">\n<div class=\"wp-block-columns is-layout-flex wp-container-core-columns-is-layout-9d6595d7 wp-block-columns-is-layout-flex\">\n<div class=\"wp-block-column is-layout-flow wp-block-column-is-layout-flow\" style=\"flex-basis:85%\">\n<h2 class=\"wp-block-heading has-text-align-left\">Ergebnisse<\/h2>\n<\/div>\n\n\n\n<div class=\"wp-block-column is-layout-flow wp-block-column-is-layout-flow\" style=\"flex-basis:15%\">\n<a href=\"\/de\/results\/\" class=\"main-btn\">Mehr erfahren<\/a>\n<\/div>\n<\/div>\n\n\n\n\t\t\t<div class=\"wp-block-uagb-post-grid uagb-post-grid  uagb-post__image-position-top uagb-post__image-enabled uagb-block-dc24286e     uagb-post__items uagb-post__columns-4 is-grid uagb-post__columns-tablet-2 uagb-post__columns-mobile-1 uagb-post__equal-height uagb-equal_height_inline-read-more-buttons\" data-total=\"5\" style=\"\">\n\n\t\t\t\t\t\t\t\t\t\t\t\t<article class=\"uagb-post__inner-wrap\">\t\t\t\t\t\t\t\t<div class='uagb-post__image'>\n\t\t\t\t\t\t\t\t\t<a href=\"https:\/\/inspire-performing-arts.eu\/de\/the-road-ahead-2026-milestones\/\" target=\"_self\" rel=\"bookmark noopener noreferrer\" class='uagb-image-ratio-inherit'><img loading=\"lazy\" decoding=\"async\" width=\"1000\" height=\"532\" src=\"https:\/\/inspire-performing-arts.eu\/wp-content\/uploads\/2026\/02\/Picture-for-post-3.jpg\" class=\"attachment-large size-large\" alt=\"Picture for post 3\" srcset=\"https:\/\/inspire-performing-arts.eu\/wp-content\/uploads\/2026\/02\/Picture-for-post-3.jpg 1000w, https:\/\/inspire-performing-arts.eu\/wp-content\/uploads\/2026\/02\/Picture-for-post-3-300x160.jpg 300w, https:\/\/inspire-performing-arts.eu\/wp-content\/uploads\/2026\/02\/Picture-for-post-3-768x409.jpg 768w, https:\/\/inspire-performing-arts.eu\/wp-content\/uploads\/2026\/02\/Picture-for-post-3-18x10.jpg 18w, https:\/\/inspire-performing-arts.eu\/wp-content\/uploads\/2026\/02\/Picture-for-post-3-200x106.jpg 200w\" sizes=\"auto, (max-width: 1000px) 100vw, 1000px\" \/>\t\t\t\t\t<\/a>\n\t\t\t\t\t\t\t<\/div>\n\t\t\t\t\t\t<h4 class=\"uagb-post__title uagb-post__text\">\n\t\t\t\t<a href=\"https:\/\/inspire-performing-arts.eu\/de\/the-road-ahead-2026-milestones\/\" target=\"_self\" rel=\"bookmark noopener noreferrer\">Der Weg in die Zukunft: Meilensteine f\u00fcr 2026<\/a>\n\t\t\t<\/h4>\n\t\t\t\t\t\t<div class='uagb-post__text uagb-post-grid-byline'>\n\t\t\t\t\t\t\t<\/div>\n\t\t\t\t\t\t\t<div class='uagb-post__text uagb-post__excerpt'>\n\t\t\t\t\t<p>The Road Ahead: 2026 Milestones As INSPIRE enters its final year, we are ready to&#8230;\t\t\t\t<\/div>\n\t\t\t\n\t\t\t\t\t\t\t\t\t<\/article>\n\t\t\t\t\t\t\t\t\t\t\t\t\t\t\t\t<article class=\"uagb-post__inner-wrap\">\t\t\t\t\t\t\t\t<div class='uagb-post__image'>\n\t\t\t\t\t\t\t\t\t<a href=\"https:\/\/inspire-performing-arts.eu\/de\/january-partners-meeting-in-vienna\/\" target=\"_self\" rel=\"bookmark noopener noreferrer\" class='uagb-image-ratio-inherit'><img loading=\"lazy\" decoding=\"async\" width=\"603\" height=\"187\" src=\"https:\/\/inspire-performing-arts.eu\/wp-content\/uploads\/2026\/02\/Picture-for-post-2.jpg\" class=\"attachment-large size-large\" alt=\"Picture for post 2\" srcset=\"https:\/\/inspire-performing-arts.eu\/wp-content\/uploads\/2026\/02\/Picture-for-post-2.jpg 603w, https:\/\/inspire-performing-arts.eu\/wp-content\/uploads\/2026\/02\/Picture-for-post-2-300x93.jpg 300w, https:\/\/inspire-performing-arts.eu\/wp-content\/uploads\/2026\/02\/Picture-for-post-2-18x6.jpg 18w, https:\/\/inspire-performing-arts.eu\/wp-content\/uploads\/2026\/02\/Picture-for-post-2-200x62.jpg 200w\" sizes=\"auto, (max-width: 603px) 100vw, 603px\" \/>\t\t\t\t\t<\/a>\n\t\t\t\t\t\t\t<\/div>\n\t\t\t\t\t\t<h4 class=\"uagb-post__title uagb-post__text\">\n\t\t\t\t<a href=\"https:\/\/inspire-performing-arts.eu\/de\/january-partners-meeting-in-vienna\/\" target=\"_self\" rel=\"bookmark noopener noreferrer\">Partnertreffen im Januar in Wien<\/a>\n\t\t\t<\/h4>\n\t\t\t\t\t\t<div class='uagb-post__text uagb-post-grid-byline'>\n\t\t\t\t\t\t\t<\/div>\n\t\t\t\t\t\t\t<div class='uagb-post__text uagb-post__excerpt'>\n\t\t\t\t\t<p>January Partners meeting in Vienna This January, the 11 partners of the INSPIRE consortium gathered&#8230;\t\t\t\t<\/div>\n\t\t\t\n\t\t\t\t\t\t\t\t\t<\/article>\n\t\t\t\t\t\t\t\t\t\t\t\t\t\t\t\t<article class=\"uagb-post__inner-wrap\">\t\t\t\t\t\t\t\t<div class='uagb-post__image'>\n\t\t\t\t\t\t\t\t\t<a href=\"https:\/\/inspire-performing-arts.eu\/de\/join-the-inspire-train-the-trainers-seminars\/\" target=\"_self\" rel=\"bookmark noopener noreferrer\" class='uagb-image-ratio-inherit'><img loading=\"lazy\" decoding=\"async\" width=\"297\" height=\"170\" src=\"https:\/\/inspire-performing-arts.eu\/wp-content\/uploads\/2026\/02\/Picture-for-post-1.jpg\" class=\"attachment-large size-large\" alt=\"Picture for post 1\" srcset=\"https:\/\/inspire-performing-arts.eu\/wp-content\/uploads\/2026\/02\/Picture-for-post-1.jpg 297w, https:\/\/inspire-performing-arts.eu\/wp-content\/uploads\/2026\/02\/Picture-for-post-1-18x10.jpg 18w, https:\/\/inspire-performing-arts.eu\/wp-content\/uploads\/2026\/02\/Picture-for-post-1-200x114.jpg 200w\" sizes=\"auto, (max-width: 297px) 100vw, 297px\" \/>\t\t\t\t\t<\/a>\n\t\t\t\t\t\t\t<\/div>\n\t\t\t\t\t\t<h4 class=\"uagb-post__title uagb-post__text\">\n\t\t\t\t<a href=\"https:\/\/inspire-performing-arts.eu\/de\/join-the-inspire-train-the-trainers-seminars\/\" target=\"_self\" rel=\"bookmark noopener noreferrer\">Nehmen Sie an den INSPIRE-Train-the-Trainers-Seminaren teil<\/a>\n\t\t\t<\/h4>\n\t\t\t\t\t\t<div class='uagb-post__text uagb-post-grid-byline'>\n\t\t\t\t\t\t\t<\/div>\n\t\t\t\t\t\t\t<div class='uagb-post__text uagb-post__excerpt'>\n\t\t\t\t\t<p>Join the INSPIRE Train-the-Trainers Seminars Want to lead the way in sustainable and digital performing&#8230;\t\t\t\t<\/div>\n\t\t\t\n\t\t\t\t\t\t\t\t\t<\/article>\n\t\t\t\t\t\t\t\t\t\t\t<\/div>\n\t\t\t<\/div>\n\n\n\n<div class=\"wp-block-uagb-container section-4 animate uagb-block-12d193ba alignfull uagb-is-root-container\">\n<div class=\"wp-block-uagb-container uagb-block-f3e5f676 alignfull uagb-is-root-container\"><div class=\"uagb-container-inner-blocks-wrap\">\n<div class=\"wp-block-uagb-container section-3-left uagb-block-30bcb6f5\">\n<h3 class=\"wp-block-heading\">Subscribe to our Newsletter<\/h3>\n\n\n\n<p>By signing up to INSPIRE Newsletter you agree to the INSPIRE privacy policy<\/p>\n<\/div>\n\n\n\n<div class=\"wp-block-uagb-container section-3-right uagb-block-99fa2069\"><script>(function() {\n\twindow.mc4wp = window.mc4wp || {\n\t\tlisteners: [],\n\t\tforms: {\n\t\t\ton: function(evt, cb) {\n\t\t\t\twindow.mc4wp.listeners.push(\n\t\t\t\t\t{\n\t\t\t\t\t\tevent   : evt,\n\t\t\t\t\t\tcallback: cb\n\t\t\t\t\t}\n\t\t\t\t);\n\t\t\t}\n\t\t}\n\t}\n})();\n<\/script><!-- Mailchimp for WordPress v4.9.13 - https:\/\/wordpress.org\/plugins\/mailchimp-for-wp\/ --><form id=\"mc4wp-form-1\" class=\"mc4wp-form mc4wp-form-124\" method=\"post\" data-id=\"124\" data-name=\"Newsletters\" action=\"\" ><div class=\"mc4wp-form-fields\"><p>\r\n\t<label for=\"mwc-input\" style=\"display:none;\">Email address:<\/label>\r\n\t<input aria-label=\"newsletter-form\" id=\"mwc-input\" type=\"email\" name=\"EMAIL\" placeholder=\"Write your email\" required \/><input type=\"submit\" value=\"Sign up\" \/>\r\n<\/p>\r\n<\/div><label style=\"display: none !important;\">Wenn du ein Mensch bist, lasse das Feld leer: <input type=\"text\" name=\"_mc4wp_honeypot\" value=\"\" tabindex=\"-1\" autocomplete=\"off\" \/><\/label><input type=\"hidden\" name=\"_mc4wp_timestamp\" value=\"1775684822\" \/><input type=\"hidden\" name=\"_mc4wp_form_id\" value=\"124\" \/><input type=\"hidden\" name=\"_mc4wp_form_element_id\" value=\"mc4wp-form-1\" \/><div class=\"mc4wp-response\"><\/div><input type=\"hidden\" name=\"trp-form-language\" value=\"de\"\/><\/form><!-- \/ Mailchimp for WordPress Plugin --><\/div>\n<\/div><\/div>\n<\/div>\n\n\n\n<p><\/p>","protected":false},"excerpt":{"rendered":"<p>About the Project Read More INSPIRE strives<\/p>","protected":false},"author":1,"featured_media":0,"parent":0,"menu_order":0,"comment_status":"closed","ping_status":"closed","template":"page-fluid.php","meta":{"_uag_custom_page_level_css":"","footnotes":""},"class_list":["post-8","page","type-page","status-publish","hentry"],"yoast_head":"<!-- This site is optimized with the Yoast SEO plugin v26.9 - https:\/\/yoast.com\/product\/yoast-seo-wordpress\/ -->\n<title>Home | Inspire<\/title>\n<meta name=\"robots\" content=\"index, follow, max-snippet:-1, max-image-preview:large, max-video-preview:-1\" \/>\n<link rel=\"canonical\" href=\"https:\/\/inspire-performing-arts.eu\/de\/\" \/>\n<meta property=\"og:locale\" content=\"de_DE\" \/>\n<meta property=\"og:type\" content=\"article\" \/>\n<meta property=\"og:title\" content=\"Home | Inspire\" \/>\n<meta property=\"og:description\" content=\"About the Project Read More INSPIRE strives\" \/>\n<meta property=\"og:url\" content=\"https:\/\/inspire-performing-arts.eu\/de\/\" \/>\n<meta property=\"og:site_name\" content=\"Inspire\" \/>\n<meta property=\"article:modified_time\" content=\"2026-02-17T22:12:49+00:00\" \/>\n<meta property=\"og:image\" content=\"https:\/\/inspire-performing-arts.eu\/wp-content\/uploads\/2024\/05\/image-1.png\" \/>\n\t<meta property=\"og:image:width\" content=\"710\" \/>\n\t<meta property=\"og:image:height\" content=\"788\" \/>\n\t<meta property=\"og:image:type\" content=\"image\/png\" \/>\n<meta name=\"twitter:card\" content=\"summary_large_image\" \/>\n<meta name=\"twitter:label1\" content=\"Gesch\u00e4tzte Lesezeit\" \/>\n\t<meta name=\"twitter:data1\" content=\"2\u00a0Minuten\" \/>\n<script type=\"application\/ld+json\" class=\"yoast-schema-graph\">{\"@context\":\"https:\/\/schema.org\",\"@graph\":[{\"@type\":\"WebPage\",\"@id\":\"https:\/\/inspire-performing-arts.eu\/\",\"url\":\"https:\/\/inspire-performing-arts.eu\/\",\"name\":\"Home | Inspire\",\"isPartOf\":{\"@id\":\"https:\/\/inspire-performing-arts.eu\/#website\"},\"primaryImageOfPage\":{\"@id\":\"https:\/\/inspire-performing-arts.eu\/#primaryimage\"},\"image\":{\"@id\":\"https:\/\/inspire-performing-arts.eu\/#primaryimage\"},\"thumbnailUrl\":\"https:\/\/inspire-performing-arts.eu\/wp-content\/uploads\/2024\/05\/image-1-270x300.png\",\"datePublished\":\"2024-04-26T03:53:52+00:00\",\"dateModified\":\"2026-02-17T22:12:49+00:00\",\"breadcrumb\":{\"@id\":\"https:\/\/inspire-performing-arts.eu\/#breadcrumb\"},\"inLanguage\":\"de\",\"potentialAction\":[{\"@type\":\"ReadAction\",\"target\":[\"https:\/\/inspire-performing-arts.eu\/\"]}]},{\"@type\":\"ImageObject\",\"inLanguage\":\"de\",\"@id\":\"https:\/\/inspire-performing-arts.eu\/#primaryimage\",\"url\":\"https:\/\/inspire-performing-arts.eu\/wp-content\/uploads\/2024\/05\/image-1-270x300.png\",\"contentUrl\":\"https:\/\/inspire-performing-arts.eu\/wp-content\/uploads\/2024\/05\/image-1-270x300.png\"},{\"@type\":\"BreadcrumbList\",\"@id\":\"https:\/\/inspire-performing-arts.eu\/#breadcrumb\",\"itemListElement\":[{\"@type\":\"ListItem\",\"position\":1,\"name\":\"Home\",\"item\":\"https:\/\/inspire-performing-arts.eu\/\"},{\"@type\":\"ListItem\",\"position\":2,\"name\":\"Home\"}]},{\"@type\":\"WebSite\",\"@id\":\"https:\/\/inspire-performing-arts.eu\/#website\",\"url\":\"https:\/\/inspire-performing-arts.eu\/\",\"name\":\"Inspire\",\"description\":\"\",\"publisher\":{\"@id\":\"https:\/\/inspire-performing-arts.eu\/#organization\"},\"potentialAction\":[{\"@type\":\"SearchAction\",\"target\":{\"@type\":\"EntryPoint\",\"urlTemplate\":\"https:\/\/inspire-performing-arts.eu\/?s={search_term_string}\"},\"query-input\":{\"@type\":\"PropertyValueSpecification\",\"valueRequired\":true,\"valueName\":\"search_term_string\"}}],\"inLanguage\":\"de\"},{\"@type\":\"Organization\",\"@id\":\"https:\/\/inspire-performing-arts.eu\/#organization\",\"name\":\"Inspire\",\"url\":\"https:\/\/inspire-performing-arts.eu\/\",\"logo\":{\"@type\":\"ImageObject\",\"inLanguage\":\"de\",\"@id\":\"https:\/\/inspire-performing-arts.eu\/#\/schema\/logo\/image\/\",\"url\":\"https:\/\/inspire-performing-arts.eu\/wp-content\/uploads\/2024\/05\/logo.png\",\"contentUrl\":\"https:\/\/inspire-performing-arts.eu\/wp-content\/uploads\/2024\/05\/logo.png\",\"width\":830,\"height\":451,\"caption\":\"Inspire\"},\"image\":{\"@id\":\"https:\/\/inspire-performing-arts.eu\/#\/schema\/logo\/image\/\"}}]}<\/script>\n<!-- \/ Yoast SEO plugin. -->","yoast_head_json":{"title":"Home | Inspire","robots":{"index":"index","follow":"follow","max-snippet":"max-snippet:-1","max-image-preview":"max-image-preview:large","max-video-preview":"max-video-preview:-1"},"canonical":"https:\/\/inspire-performing-arts.eu\/de\/","og_locale":"de_DE","og_type":"article","og_title":"Home | Inspire","og_description":"About the Project Read More INSPIRE strives","og_url":"https:\/\/inspire-performing-arts.eu\/de\/","og_site_name":"Inspire","article_modified_time":"2026-02-17T22:12:49+00:00","og_image":[{"width":710,"height":788,"url":"https:\/\/inspire-performing-arts.eu\/wp-content\/uploads\/2024\/05\/image-1.png","type":"image\/png"}],"twitter_card":"summary_large_image","twitter_misc":{"Gesch\u00e4tzte Lesezeit":"2\u00a0Minuten"},"schema":{"@context":"https:\/\/schema.org","@graph":[{"@type":"WebPage","@id":"https:\/\/inspire-performing-arts.eu\/","url":"https:\/\/inspire-performing-arts.eu\/","name":"Home | Inspire","isPartOf":{"@id":"https:\/\/inspire-performing-arts.eu\/#website"},"primaryImageOfPage":{"@id":"https:\/\/inspire-performing-arts.eu\/#primaryimage"},"image":{"@id":"https:\/\/inspire-performing-arts.eu\/#primaryimage"},"thumbnailUrl":"https:\/\/inspire-performing-arts.eu\/wp-content\/uploads\/2024\/05\/image-1-270x300.png","datePublished":"2024-04-26T03:53:52+00:00","dateModified":"2026-02-17T22:12:49+00:00","breadcrumb":{"@id":"https:\/\/inspire-performing-arts.eu\/#breadcrumb"},"inLanguage":"de","potentialAction":[{"@type":"ReadAction","target":["https:\/\/inspire-performing-arts.eu\/"]}]},{"@type":"ImageObject","inLanguage":"de","@id":"https:\/\/inspire-performing-arts.eu\/#primaryimage","url":"https:\/\/inspire-performing-arts.eu\/wp-content\/uploads\/2024\/05\/image-1-270x300.png","contentUrl":"https:\/\/inspire-performing-arts.eu\/wp-content\/uploads\/2024\/05\/image-1-270x300.png"},{"@type":"BreadcrumbList","@id":"https:\/\/inspire-performing-arts.eu\/#breadcrumb","itemListElement":[{"@type":"ListItem","position":1,"name":"Home","item":"https:\/\/inspire-performing-arts.eu\/"},{"@type":"ListItem","position":2,"name":"Home"}]},{"@type":"WebSite","@id":"https:\/\/inspire-performing-arts.eu\/#website","url":"https:\/\/inspire-performing-arts.eu\/","name":"Inspire","description":"","publisher":{"@id":"https:\/\/inspire-performing-arts.eu\/#organization"},"potentialAction":[{"@type":"SearchAction","target":{"@type":"EntryPoint","urlTemplate":"https:\/\/inspire-performing-arts.eu\/?s={search_term_string}"},"query-input":{"@type":"PropertyValueSpecification","valueRequired":true,"valueName":"search_term_string"}}],"inLanguage":"de"},{"@type":"Organization","@id":"https:\/\/inspire-performing-arts.eu\/#organization","name":"Inspire","url":"https:\/\/inspire-performing-arts.eu\/","logo":{"@type":"ImageObject","inLanguage":"de","@id":"https:\/\/inspire-performing-arts.eu\/#\/schema\/logo\/image\/","url":"https:\/\/inspire-performing-arts.eu\/wp-content\/uploads\/2024\/05\/logo.png","contentUrl":"https:\/\/inspire-performing-arts.eu\/wp-content\/uploads\/2024\/05\/logo.png","width":830,"height":451,"caption":"Inspire"},"image":{"@id":"https:\/\/inspire-performing-arts.eu\/#\/schema\/logo\/image\/"}}]}},"uagb_featured_image_src":{"full":false,"thumbnail":false,"medium":false,"medium_large":false,"large":false,"1536x1536":false,"2048x2048":false,"trp-custom-language-flag":false,"depicter-thumbnail":false},"uagb_author_info":{"display_name":"admin","author_link":"https:\/\/inspire-performing-arts.eu\/de\/author\/inspireadmnrd\/"},"uagb_comment_info":0,"uagb_excerpt":"About the Project Read More INSPIRE strives","_links":{"self":[{"href":"https:\/\/inspire-performing-arts.eu\/de\/wp-json\/wp\/v2\/pages\/8","targetHints":{"allow":["GET"]}}],"collection":[{"href":"https:\/\/inspire-performing-arts.eu\/de\/wp-json\/wp\/v2\/pages"}],"about":[{"href":"https:\/\/inspire-performing-arts.eu\/de\/wp-json\/wp\/v2\/types\/page"}],"author":[{"embeddable":true,"href":"https:\/\/inspire-performing-arts.eu\/de\/wp-json\/wp\/v2\/users\/1"}],"replies":[{"embeddable":true,"href":"https:\/\/inspire-performing-arts.eu\/de\/wp-json\/wp\/v2\/comments?post=8"}],"version-history":[{"count":0,"href":"https:\/\/inspire-performing-arts.eu\/de\/wp-json\/wp\/v2\/pages\/8\/revisions"}],"wp:attachment":[{"href":"https:\/\/inspire-performing-arts.eu\/de\/wp-json\/wp\/v2\/media?parent=8"}],"curies":[{"name":"wp","href":"https:\/\/api.w.org\/{rel}","templated":true}]}}