{"id":12,"date":"2024-04-26T03:55:13","date_gmt":"2024-04-26T03:55:13","guid":{"rendered":"https:\/\/inspiring-bouman.194-163-157-123.plesk.page\/?page_id=12"},"modified":"2024-12-03T18:21:07","modified_gmt":"2024-12-03T16:21:07","slug":"e-learning-platform","status":"publish","type":"page","link":"https:\/\/inspire-performing-arts.eu\/de\/e-learning-platform\/","title":{"rendered":"Projektergebnisse"},"content":{"rendered":"<p>Das Projekt wird folgende Ergebnisse liefern:&nbsp;<\/p>\n\n\n\n<ul class=\"wp-block-list\">\n<li><strong>Ein Bericht \u00fcber den Bedarf auf dem Arbeitsmarkt: <\/strong>Das Projekt bezieht 250 Interessenvertreter aus dem Sektor der Darstellenden K\u00fcnste in die Ermittlung von Lernbed\u00fcrfnissen und Marktanforderungen ein, um die Reaktionsf\u00e4higkeit des Arbeitsmarktes zu verbessern.<br><a class=\"main-btn-results\" href=\"https:\/\/inspire-performing-arts.eu\/wp-content\/uploads\/2024\/12\/DE_European-Report_T2_2_Needs-analysis.pdf\">D2.1 Bericht \u00fcber die Bed\u00fcrfnisse des Arbeitsmarktes - Hier herunterladen<\/a><\/li>\n<\/ul>\n\n\n\n<ul class=\"wp-block-list\">\n<li class=\" translation-block\"><strong>Ein ESCO-Kompetenzpaket f\u00fcr den nachhaltigen Sektor der Darstellenden K\u00fcnste,<\/strong> das die entsprechenden Kompetenzen zur Aktualisierung der ESCO-Berufsprofile der Produktionsleiter, B\u00fchnenbildner, k\u00fcnstlerischen Leiter und Regisseure, Facility Manager und B\u00fchnentechniker in den Bereichen Nachhaltigkeit, Unternehmertum und IKT umfasst.<br><a class=\"main-btn-results\" href=\"https:\/\/inspire-performing-arts.eu\/wp-content\/uploads\/2024\/12\/D2.2_ESCO_Competence_Package_DE.pdf\" target=\"_self\" role=\"link\">D2.2 ESCO-Kompetenzpaket f\u00fcr den nachhaltigen Sektor der Darstellenden Kunst - Hier herunterladen<\/a><\/li>\n<\/ul>\n\n\n\n<ul class=\"wp-block-list\">\n<li class=\" translation-block\"><strong>Das INSPIRE-Schulungsprogramm<\/strong>, das aus einem offenen Online-Berufsbildungskurs (VOOC) f\u00fcr bestehende und angehende Fachkr\u00e4fte im Bereich der Darstellenden Kunst und Studierende besteht.<\/li>\n<\/ul>\n\n\n\n<ul class=\"wp-block-list\">\n<li class=\" translation-block\"><strong>Das INSPIRE-Praxishandbuch<\/strong> f\u00fcr Trainer und Lehrkr\u00e4fte in der beruflichen Aus- und Weiterbildung\/Hochschulbildung, um sie in den neu eingerichteten Lehrplan und die Schulungsinhalte des INSPIRE-Online-Schulungsprogramms einzuf\u00fchren. Es wird einen deutlichen Schwerpunkt auf die Arbeit mit projektbasierten, mikro-, gemischten und arbeitsbezogenen Lernans\u00e4tzen und anderen wichtigen nicht formalen Bildungsmethoden legen und die Zielgruppe bei der Durchf\u00fchrung effektiver Schulungsaktivit\u00e4ten unterst\u00fctzen, sowohl im Pr\u00e4senzunterricht als auch im Fernunterricht.<\/li>\n<\/ul>\n\n\n\n<ul class=\"wp-block-list\">\n<li class=\" translation-block\"><strong>Die virtuelle INSPIRE Lernplattform<\/strong> f\u00fcr Online-Lernen und Zusammenarbeit, die den VOOC und das Schulungsmaterial des praktischen Handbuchs in interaktivem Format bereitstellt. Sie erm\u00f6glicht es den Benutzern, nach erfolgreichem Abschluss der Kurse eine Teilnahmebescheinigung zu erhalten.<\/li>\n<\/ul>\n\n\n\n<ul class=\"wp-block-list\">\n<li class=\" translation-block\"><strong>5 INSPIRE-Schulungsseminare<\/strong> werden f\u00fcr Trainer und P\u00e4dagogen der beruflichen und Hochschulbildung zum INSPIRE-Praxishandbuch angeboten, um die Umsetzung des VOOC zu unterst\u00fctzen und effektive Online-Schulungen und arbeitsbezogene Lernaktivit\u00e4ten im Hinblick auf den ganzheitlichen Ansatz f\u00fcr die Gestaltung, das Management und die Umsetzung nachhaltiger Produktionen im Bereich der Darstellenden Kunst anzubieten.<\/li>\n<\/ul>\n\n\n\n<ul class=\"wp-block-list\">\n<li class=\" translation-block\"><strong>Die Durchf\u00fchrung des INSPIRE-Schulungsprogramms<\/strong>. Nach Abschluss der Schulungsseminare in jedem Partnerland wird das INSPIRE-Online-Schulungsprogramm f\u00fcr bestehende und angehende Produktionsleiter, B\u00fchnenbildner, Regisseure, k\u00fcnstlerische Leiter, Facility Manager und B\u00fchnentechniker durchgef\u00fchrt.<\/li>\n<\/ul>\n\n\n\n<ul class=\"wp-block-list\">\n<li class=\" translation-block\"><strong>Richtlinien- und Strategienempfehlungen<\/strong> sollen Entscheidungstr\u00e4ger \u00fcber politische Optionen f\u00fcr die Umwandlung des Sektors der Darstellenden Kunst in einen nachhaltigeren und widerstandsf\u00e4higeren Sektor informieren, die evidenzbasiert und solide sind und die gew\u00fcnschten positiven Ergebnisse und Ver\u00e4nderungen erzielen.<\/li>\n<\/ul>","protected":false},"excerpt":{"rendered":"<p>Das Projekt wird folgende Ergebnisse liefern:&nbsp;<\/p>","protected":false},"author":1,"featured_media":283,"parent":0,"menu_order":0,"comment_status":"closed","ping_status":"closed","template":"page.php","meta":{"_uag_custom_page_level_css":"","footnotes":""},"class_list":["post-12","page","type-page","status-publish","has-post-thumbnail","hentry"],"yoast_head":"<!-- This site is optimized with the Yoast SEO plugin v26.9 - https:\/\/yoast.com\/product\/yoast-seo-wordpress\/ -->\n<title>Results and Deliverables | Inspire<\/title>\n<meta name=\"robots\" content=\"index, follow, max-snippet:-1, max-image-preview:large, max-video-preview:-1\" \/>\n<link rel=\"canonical\" href=\"https:\/\/inspire-performing-arts.eu\/de\/e-learning-platform\/\" \/>\n<meta property=\"og:locale\" content=\"de_DE\" \/>\n<meta property=\"og:type\" content=\"article\" \/>\n<meta property=\"og:title\" content=\"Results and Deliverables | Inspire\" \/>\n<meta property=\"og:description\" content=\"The project will yield the following results:&nbsp;\" \/>\n<meta property=\"og:url\" content=\"https:\/\/inspire-performing-arts.eu\/de\/e-learning-platform\/\" \/>\n<meta property=\"og:site_name\" content=\"Inspire\" \/>\n<meta property=\"article:modified_time\" content=\"2024-12-03T16:21:07+00:00\" \/>\n<meta property=\"og:image\" content=\"https:\/\/inspire-performing-arts.eu\/wp-content\/uploads\/2024\/12\/feature-header-2-1024x248.png\" \/>\n\t<meta property=\"og:image:width\" content=\"1024\" \/>\n\t<meta property=\"og:image:height\" content=\"248\" \/>\n\t<meta property=\"og:image:type\" content=\"image\/png\" \/>\n<meta name=\"twitter:card\" content=\"summary_large_image\" \/>\n<meta name=\"twitter:label1\" content=\"Gesch\u00e4tzte Lesezeit\" \/>\n\t<meta name=\"twitter:data1\" content=\"2\u00a0Minuten\" \/>\n<script type=\"application\/ld+json\" class=\"yoast-schema-graph\">{\"@context\":\"https:\/\/schema.org\",\"@graph\":[{\"@type\":\"WebPage\",\"@id\":\"https:\/\/inspire-performing-arts.eu\/e-learning-platform\/\",\"url\":\"https:\/\/inspire-performing-arts.eu\/e-learning-platform\/\",\"name\":\"Results and Deliverables | Inspire\",\"isPartOf\":{\"@id\":\"https:\/\/inspire-performing-arts.eu\/#website\"},\"primaryImageOfPage\":{\"@id\":\"https:\/\/inspire-performing-arts.eu\/e-learning-platform\/#primaryimage\"},\"image\":{\"@id\":\"https:\/\/inspire-performing-arts.eu\/e-learning-platform\/#primaryimage\"},\"thumbnailUrl\":\"https:\/\/inspire-performing-arts.eu\/wp-content\/uploads\/2024\/12\/feature-header-2.png\",\"datePublished\":\"2024-04-26T03:55:13+00:00\",\"dateModified\":\"2024-12-03T16:21:07+00:00\",\"breadcrumb\":{\"@id\":\"https:\/\/inspire-performing-arts.eu\/e-learning-platform\/#breadcrumb\"},\"inLanguage\":\"de\",\"potentialAction\":[{\"@type\":\"ReadAction\",\"target\":[\"https:\/\/inspire-performing-arts.eu\/e-learning-platform\/\"]}]},{\"@type\":\"ImageObject\",\"inLanguage\":\"de\",\"@id\":\"https:\/\/inspire-performing-arts.eu\/e-learning-platform\/#primaryimage\",\"url\":\"https:\/\/inspire-performing-arts.eu\/wp-content\/uploads\/2024\/12\/feature-header-2.png\",\"contentUrl\":\"https:\/\/inspire-performing-arts.eu\/wp-content\/uploads\/2024\/12\/feature-header-2.png\",\"width\":4125,\"height\":1000,\"caption\":\"feature header (2)\"},{\"@type\":\"BreadcrumbList\",\"@id\":\"https:\/\/inspire-performing-arts.eu\/e-learning-platform\/#breadcrumb\",\"itemListElement\":[{\"@type\":\"ListItem\",\"position\":1,\"name\":\"Home\",\"item\":\"https:\/\/inspire-performing-arts.eu\/\"},{\"@type\":\"ListItem\",\"position\":2,\"name\":\"Results and Deliverables\"}]},{\"@type\":\"WebSite\",\"@id\":\"https:\/\/inspire-performing-arts.eu\/#website\",\"url\":\"https:\/\/inspire-performing-arts.eu\/\",\"name\":\"Inspire\",\"description\":\"\",\"publisher\":{\"@id\":\"https:\/\/inspire-performing-arts.eu\/#organization\"},\"potentialAction\":[{\"@type\":\"SearchAction\",\"target\":{\"@type\":\"EntryPoint\",\"urlTemplate\":\"https:\/\/inspire-performing-arts.eu\/?s={search_term_string}\"},\"query-input\":{\"@type\":\"PropertyValueSpecification\",\"valueRequired\":true,\"valueName\":\"search_term_string\"}}],\"inLanguage\":\"de\"},{\"@type\":\"Organization\",\"@id\":\"https:\/\/inspire-performing-arts.eu\/#organization\",\"name\":\"Inspire\",\"url\":\"https:\/\/inspire-performing-arts.eu\/\",\"logo\":{\"@type\":\"ImageObject\",\"inLanguage\":\"de\",\"@id\":\"https:\/\/inspire-performing-arts.eu\/#\/schema\/logo\/image\/\",\"url\":\"https:\/\/inspire-performing-arts.eu\/wp-content\/uploads\/2024\/05\/logo.png\",\"contentUrl\":\"https:\/\/inspire-performing-arts.eu\/wp-content\/uploads\/2024\/05\/logo.png\",\"width\":830,\"height\":451,\"caption\":\"Inspire\"},\"image\":{\"@id\":\"https:\/\/inspire-performing-arts.eu\/#\/schema\/logo\/image\/\"}}]}<\/script>\n<!-- \/ Yoast SEO plugin. -->","yoast_head_json":{"title":"Results and Deliverables | Inspire","robots":{"index":"index","follow":"follow","max-snippet":"max-snippet:-1","max-image-preview":"max-image-preview:large","max-video-preview":"max-video-preview:-1"},"canonical":"https:\/\/inspire-performing-arts.eu\/de\/e-learning-platform\/","og_locale":"de_DE","og_type":"article","og_title":"Results and Deliverables | Inspire","og_description":"The project will yield the following results:&nbsp;","og_url":"https:\/\/inspire-performing-arts.eu\/de\/e-learning-platform\/","og_site_name":"Inspire","article_modified_time":"2024-12-03T16:21:07+00:00","og_image":[{"width":1024,"height":248,"url":"https:\/\/inspire-performing-arts.eu\/wp-content\/uploads\/2024\/12\/feature-header-2-1024x248.png","type":"image\/png"}],"twitter_card":"summary_large_image","twitter_misc":{"Gesch\u00e4tzte Lesezeit":"2\u00a0Minuten"},"schema":{"@context":"https:\/\/schema.org","@graph":[{"@type":"WebPage","@id":"https:\/\/inspire-performing-arts.eu\/e-learning-platform\/","url":"https:\/\/inspire-performing-arts.eu\/e-learning-platform\/","name":"Results and Deliverables | Inspire","isPartOf":{"@id":"https:\/\/inspire-performing-arts.eu\/#website"},"primaryImageOfPage":{"@id":"https:\/\/inspire-performing-arts.eu\/e-learning-platform\/#primaryimage"},"image":{"@id":"https:\/\/inspire-performing-arts.eu\/e-learning-platform\/#primaryimage"},"thumbnailUrl":"https:\/\/inspire-performing-arts.eu\/wp-content\/uploads\/2024\/12\/feature-header-2.png","datePublished":"2024-04-26T03:55:13+00:00","dateModified":"2024-12-03T16:21:07+00:00","breadcrumb":{"@id":"https:\/\/inspire-performing-arts.eu\/e-learning-platform\/#breadcrumb"},"inLanguage":"de","potentialAction":[{"@type":"ReadAction","target":["https:\/\/inspire-performing-arts.eu\/e-learning-platform\/"]}]},{"@type":"ImageObject","inLanguage":"de","@id":"https:\/\/inspire-performing-arts.eu\/e-learning-platform\/#primaryimage","url":"https:\/\/inspire-performing-arts.eu\/wp-content\/uploads\/2024\/12\/feature-header-2.png","contentUrl":"https:\/\/inspire-performing-arts.eu\/wp-content\/uploads\/2024\/12\/feature-header-2.png","width":4125,"height":1000,"caption":"feature header (2)"},{"@type":"BreadcrumbList","@id":"https:\/\/inspire-performing-arts.eu\/e-learning-platform\/#breadcrumb","itemListElement":[{"@type":"ListItem","position":1,"name":"Home","item":"https:\/\/inspire-performing-arts.eu\/"},{"@type":"ListItem","position":2,"name":"Results and Deliverables"}]},{"@type":"WebSite","@id":"https:\/\/inspire-performing-arts.eu\/#website","url":"https:\/\/inspire-performing-arts.eu\/","name":"Inspire","description":"","publisher":{"@id":"https:\/\/inspire-performing-arts.eu\/#organization"},"potentialAction":[{"@type":"SearchAction","target":{"@type":"EntryPoint","urlTemplate":"https:\/\/inspire-performing-arts.eu\/?s={search_term_string}"},"query-input":{"@type":"PropertyValueSpecification","valueRequired":true,"valueName":"search_term_string"}}],"inLanguage":"de"},{"@type":"Organization","@id":"https:\/\/inspire-performing-arts.eu\/#organization","name":"Inspire","url":"https:\/\/inspire-performing-arts.eu\/","logo":{"@type":"ImageObject","inLanguage":"de","@id":"https:\/\/inspire-performing-arts.eu\/#\/schema\/logo\/image\/","url":"https:\/\/inspire-performing-arts.eu\/wp-content\/uploads\/2024\/05\/logo.png","contentUrl":"https:\/\/inspire-performing-arts.eu\/wp-content\/uploads\/2024\/05\/logo.png","width":830,"height":451,"caption":"Inspire"},"image":{"@id":"https:\/\/inspire-performing-arts.eu\/#\/schema\/logo\/image\/"}}]}},"uagb_featured_image_src":{"full":["https:\/\/inspire-performing-arts.eu\/wp-content\/uploads\/2024\/12\/feature-header-2.png",4125,1000,false],"thumbnail":["https:\/\/inspire-performing-arts.eu\/wp-content\/uploads\/2024\/12\/feature-header-2-150x150.png",150,150,true],"medium":["https:\/\/inspire-performing-arts.eu\/wp-content\/uploads\/2024\/12\/feature-header-2-300x73.png",300,73,true],"medium_large":["https:\/\/inspire-performing-arts.eu\/wp-content\/uploads\/2024\/12\/feature-header-2-768x186.png",768,186,true],"large":["https:\/\/inspire-performing-arts.eu\/wp-content\/uploads\/2024\/12\/feature-header-2-1024x248.png",1024,248,true],"1536x1536":["https:\/\/inspire-performing-arts.eu\/wp-content\/uploads\/2024\/12\/feature-header-2-1536x372.png",1536,372,true],"2048x2048":["https:\/\/inspire-performing-arts.eu\/wp-content\/uploads\/2024\/12\/feature-header-2-2048x496.png",2048,496,true],"trp-custom-language-flag":["https:\/\/inspire-performing-arts.eu\/wp-content\/uploads\/2024\/12\/feature-header-2-18x4.png",18,4,true],"depicter-thumbnail":["https:\/\/inspire-performing-arts.eu\/wp-content\/uploads\/2024\/12\/feature-header-2-200x48.png",200,48,true]},"uagb_author_info":{"display_name":"admin","author_link":"https:\/\/inspire-performing-arts.eu\/de\/author\/inspireadmnrd\/"},"uagb_comment_info":0,"uagb_excerpt":"The project will yield the following results:&nbsp;","_links":{"self":[{"href":"https:\/\/inspire-performing-arts.eu\/de\/wp-json\/wp\/v2\/pages\/12","targetHints":{"allow":["GET"]}}],"collection":[{"href":"https:\/\/inspire-performing-arts.eu\/de\/wp-json\/wp\/v2\/pages"}],"about":[{"href":"https:\/\/inspire-performing-arts.eu\/de\/wp-json\/wp\/v2\/types\/page"}],"author":[{"embeddable":true,"href":"https:\/\/inspire-performing-arts.eu\/de\/wp-json\/wp\/v2\/users\/1"}],"replies":[{"embeddable":true,"href":"https:\/\/inspire-performing-arts.eu\/de\/wp-json\/wp\/v2\/comments?post=12"}],"version-history":[{"count":0,"href":"https:\/\/inspire-performing-arts.eu\/de\/wp-json\/wp\/v2\/pages\/12\/revisions"}],"wp:featuredmedia":[{"embeddable":true,"href":"https:\/\/inspire-performing-arts.eu\/de\/wp-json\/wp\/v2\/media\/283"}],"wp:attachment":[{"href":"https:\/\/inspire-performing-arts.eu\/de\/wp-json\/wp\/v2\/media?parent=12"}],"curies":[{"name":"wp","href":"https:\/\/api.w.org\/{rel}","templated":true}]}}