{"id":10,"date":"2024-04-26T03:54:55","date_gmt":"2024-04-26T03:54:55","guid":{"rendered":"https:\/\/inspiring-bouman.194-163-157-123.plesk.page\/?page_id=10"},"modified":"2024-12-02T16:19:23","modified_gmt":"2024-12-02T14:19:23","slug":"about","status":"publish","type":"page","link":"https:\/\/inspire-performing-arts.eu\/de\/about\/","title":{"rendered":"\u00dcber das Projekt"},"content":{"rendered":"<div class=\"wp-block-uagb-container uagb-block-18375f2e alignfull uagb-is-root-container\"><div class=\"uagb-container-inner-blocks-wrap\">\n<p>INSPIRE ist bestrebt die gr\u00fcnen, digitalen, unternehmerischen, sozialen und Resilienz-F\u00e4higkeiten von aktiven und zuk\u00fcnftigen Produktionsleitern, B\u00fchnenbildnern, k\u00fcnstlerischen Leitern, B\u00fchnenregisseuren, Facility-Managern und B\u00fchnentechnikern, aus Darstellenden Kunst zu verbessern.  Weiter sollen die Lehrf\u00e4higkeiten von Berufs- und Hochschulbildungsexperten auf eine ganzheitliche und innovative Weise erweitert werden, damit dieser Sektor als Treiber und Erm\u00f6glicher einer nachhaltigen Entwicklung in Europa und dar\u00fcber hinaus wirken kann. Das Anliegen ist Innovation durch strategische Zusammenarbeit und Wissensaustausch zwischen 3 Hochschul- und Berufsbildungseinrichtungen und 8 Arbeitsmarktvertretern in 6 europ\u00e4ischen L\u00e4ndern, die im Bereich der Darstellenden Kunst t\u00e4tig sind, zu stimulieren.<\/p>\n<\/div><\/div>","protected":false},"excerpt":{"rendered":"<p>INSPIRE strives for upscaling the green, the<\/p>","protected":false},"author":1,"featured_media":281,"parent":0,"menu_order":0,"comment_status":"closed","ping_status":"closed","template":"page.php","meta":{"_uag_custom_page_level_css":"","footnotes":""},"class_list":["post-10","page","type-page","status-publish","has-post-thumbnail","hentry"],"yoast_head":"<!-- This site is optimized with the Yoast SEO plugin v26.9 - https:\/\/yoast.com\/product\/yoast-seo-wordpress\/ -->\n<title>About the Project | Inspire<\/title>\n<meta name=\"robots\" content=\"index, follow, max-snippet:-1, max-image-preview:large, max-video-preview:-1\" \/>\n<link rel=\"canonical\" href=\"https:\/\/inspire-performing-arts.eu\/de\/about\/\" \/>\n<meta property=\"og:locale\" content=\"de_DE\" \/>\n<meta property=\"og:type\" content=\"article\" \/>\n<meta property=\"og:title\" content=\"About the Project | Inspire\" \/>\n<meta property=\"og:description\" content=\"INSPIRE strives for upscaling the green, the\" \/>\n<meta property=\"og:url\" content=\"https:\/\/inspire-performing-arts.eu\/de\/about\/\" \/>\n<meta property=\"og:site_name\" content=\"Inspire\" \/>\n<meta property=\"article:modified_time\" content=\"2024-12-02T14:19:23+00:00\" \/>\n<meta property=\"og:image\" content=\"https:\/\/inspire-performing-arts.eu\/wp-content\/uploads\/2024\/12\/feature-header-9-1024x248.png\" \/>\n\t<meta property=\"og:image:width\" content=\"1024\" \/>\n\t<meta property=\"og:image:height\" content=\"248\" \/>\n\t<meta property=\"og:image:type\" content=\"image\/png\" \/>\n<meta name=\"twitter:card\" content=\"summary_large_image\" \/>\n<meta name=\"twitter:label1\" content=\"Gesch\u00e4tzte Lesezeit\" \/>\n\t<meta name=\"twitter:data1\" content=\"1\u00a0Minute\" \/>\n<script type=\"application\/ld+json\" class=\"yoast-schema-graph\">{\"@context\":\"https:\/\/schema.org\",\"@graph\":[{\"@type\":\"WebPage\",\"@id\":\"https:\/\/inspire-performing-arts.eu\/about\/\",\"url\":\"https:\/\/inspire-performing-arts.eu\/about\/\",\"name\":\"About the Project | Inspire\",\"isPartOf\":{\"@id\":\"https:\/\/inspire-performing-arts.eu\/#website\"},\"primaryImageOfPage\":{\"@id\":\"https:\/\/inspire-performing-arts.eu\/about\/#primaryimage\"},\"image\":{\"@id\":\"https:\/\/inspire-performing-arts.eu\/about\/#primaryimage\"},\"thumbnailUrl\":\"https:\/\/inspire-performing-arts.eu\/wp-content\/uploads\/2024\/12\/feature-header-9.png\",\"datePublished\":\"2024-04-26T03:54:55+00:00\",\"dateModified\":\"2024-12-02T14:19:23+00:00\",\"breadcrumb\":{\"@id\":\"https:\/\/inspire-performing-arts.eu\/about\/#breadcrumb\"},\"inLanguage\":\"de\",\"potentialAction\":[{\"@type\":\"ReadAction\",\"target\":[\"https:\/\/inspire-performing-arts.eu\/about\/\"]}]},{\"@type\":\"ImageObject\",\"inLanguage\":\"de\",\"@id\":\"https:\/\/inspire-performing-arts.eu\/about\/#primaryimage\",\"url\":\"https:\/\/inspire-performing-arts.eu\/wp-content\/uploads\/2024\/12\/feature-header-9.png\",\"contentUrl\":\"https:\/\/inspire-performing-arts.eu\/wp-content\/uploads\/2024\/12\/feature-header-9.png\",\"width\":4125,\"height\":1000,\"caption\":\"feature header (9)\"},{\"@type\":\"BreadcrumbList\",\"@id\":\"https:\/\/inspire-performing-arts.eu\/about\/#breadcrumb\",\"itemListElement\":[{\"@type\":\"ListItem\",\"position\":1,\"name\":\"Home\",\"item\":\"https:\/\/inspire-performing-arts.eu\/\"},{\"@type\":\"ListItem\",\"position\":2,\"name\":\"About the Project\"}]},{\"@type\":\"WebSite\",\"@id\":\"https:\/\/inspire-performing-arts.eu\/#website\",\"url\":\"https:\/\/inspire-performing-arts.eu\/\",\"name\":\"Inspire\",\"description\":\"\",\"publisher\":{\"@id\":\"https:\/\/inspire-performing-arts.eu\/#organization\"},\"potentialAction\":[{\"@type\":\"SearchAction\",\"target\":{\"@type\":\"EntryPoint\",\"urlTemplate\":\"https:\/\/inspire-performing-arts.eu\/?s={search_term_string}\"},\"query-input\":{\"@type\":\"PropertyValueSpecification\",\"valueRequired\":true,\"valueName\":\"search_term_string\"}}],\"inLanguage\":\"de\"},{\"@type\":\"Organization\",\"@id\":\"https:\/\/inspire-performing-arts.eu\/#organization\",\"name\":\"Inspire\",\"url\":\"https:\/\/inspire-performing-arts.eu\/\",\"logo\":{\"@type\":\"ImageObject\",\"inLanguage\":\"de\",\"@id\":\"https:\/\/inspire-performing-arts.eu\/#\/schema\/logo\/image\/\",\"url\":\"https:\/\/inspire-performing-arts.eu\/wp-content\/uploads\/2024\/05\/logo.png\",\"contentUrl\":\"https:\/\/inspire-performing-arts.eu\/wp-content\/uploads\/2024\/05\/logo.png\",\"width\":830,\"height\":451,\"caption\":\"Inspire\"},\"image\":{\"@id\":\"https:\/\/inspire-performing-arts.eu\/#\/schema\/logo\/image\/\"}}]}<\/script>\n<!-- \/ Yoast SEO plugin. -->","yoast_head_json":{"title":"About the Project | Inspire","robots":{"index":"index","follow":"follow","max-snippet":"max-snippet:-1","max-image-preview":"max-image-preview:large","max-video-preview":"max-video-preview:-1"},"canonical":"https:\/\/inspire-performing-arts.eu\/de\/about\/","og_locale":"de_DE","og_type":"article","og_title":"About the Project | Inspire","og_description":"INSPIRE strives for upscaling the green, the","og_url":"https:\/\/inspire-performing-arts.eu\/de\/about\/","og_site_name":"Inspire","article_modified_time":"2024-12-02T14:19:23+00:00","og_image":[{"width":1024,"height":248,"url":"https:\/\/inspire-performing-arts.eu\/wp-content\/uploads\/2024\/12\/feature-header-9-1024x248.png","type":"image\/png"}],"twitter_card":"summary_large_image","twitter_misc":{"Gesch\u00e4tzte Lesezeit":"1\u00a0Minute"},"schema":{"@context":"https:\/\/schema.org","@graph":[{"@type":"WebPage","@id":"https:\/\/inspire-performing-arts.eu\/about\/","url":"https:\/\/inspire-performing-arts.eu\/about\/","name":"About the Project | Inspire","isPartOf":{"@id":"https:\/\/inspire-performing-arts.eu\/#website"},"primaryImageOfPage":{"@id":"https:\/\/inspire-performing-arts.eu\/about\/#primaryimage"},"image":{"@id":"https:\/\/inspire-performing-arts.eu\/about\/#primaryimage"},"thumbnailUrl":"https:\/\/inspire-performing-arts.eu\/wp-content\/uploads\/2024\/12\/feature-header-9.png","datePublished":"2024-04-26T03:54:55+00:00","dateModified":"2024-12-02T14:19:23+00:00","breadcrumb":{"@id":"https:\/\/inspire-performing-arts.eu\/about\/#breadcrumb"},"inLanguage":"de","potentialAction":[{"@type":"ReadAction","target":["https:\/\/inspire-performing-arts.eu\/about\/"]}]},{"@type":"ImageObject","inLanguage":"de","@id":"https:\/\/inspire-performing-arts.eu\/about\/#primaryimage","url":"https:\/\/inspire-performing-arts.eu\/wp-content\/uploads\/2024\/12\/feature-header-9.png","contentUrl":"https:\/\/inspire-performing-arts.eu\/wp-content\/uploads\/2024\/12\/feature-header-9.png","width":4125,"height":1000,"caption":"feature header (9)"},{"@type":"BreadcrumbList","@id":"https:\/\/inspire-performing-arts.eu\/about\/#breadcrumb","itemListElement":[{"@type":"ListItem","position":1,"name":"Home","item":"https:\/\/inspire-performing-arts.eu\/"},{"@type":"ListItem","position":2,"name":"About the Project"}]},{"@type":"WebSite","@id":"https:\/\/inspire-performing-arts.eu\/#website","url":"https:\/\/inspire-performing-arts.eu\/","name":"Inspire","description":"","publisher":{"@id":"https:\/\/inspire-performing-arts.eu\/#organization"},"potentialAction":[{"@type":"SearchAction","target":{"@type":"EntryPoint","urlTemplate":"https:\/\/inspire-performing-arts.eu\/?s={search_term_string}"},"query-input":{"@type":"PropertyValueSpecification","valueRequired":true,"valueName":"search_term_string"}}],"inLanguage":"de"},{"@type":"Organization","@id":"https:\/\/inspire-performing-arts.eu\/#organization","name":"Inspire","url":"https:\/\/inspire-performing-arts.eu\/","logo":{"@type":"ImageObject","inLanguage":"de","@id":"https:\/\/inspire-performing-arts.eu\/#\/schema\/logo\/image\/","url":"https:\/\/inspire-performing-arts.eu\/wp-content\/uploads\/2024\/05\/logo.png","contentUrl":"https:\/\/inspire-performing-arts.eu\/wp-content\/uploads\/2024\/05\/logo.png","width":830,"height":451,"caption":"Inspire"},"image":{"@id":"https:\/\/inspire-performing-arts.eu\/#\/schema\/logo\/image\/"}}]}},"uagb_featured_image_src":{"full":["https:\/\/inspire-performing-arts.eu\/wp-content\/uploads\/2024\/12\/feature-header-9.png",4125,1000,false],"thumbnail":["https:\/\/inspire-performing-arts.eu\/wp-content\/uploads\/2024\/12\/feature-header-9-150x150.png",150,150,true],"medium":["https:\/\/inspire-performing-arts.eu\/wp-content\/uploads\/2024\/12\/feature-header-9-300x73.png",300,73,true],"medium_large":["https:\/\/inspire-performing-arts.eu\/wp-content\/uploads\/2024\/12\/feature-header-9-768x186.png",768,186,true],"large":["https:\/\/inspire-performing-arts.eu\/wp-content\/uploads\/2024\/12\/feature-header-9-1024x248.png",1024,248,true],"1536x1536":["https:\/\/inspire-performing-arts.eu\/wp-content\/uploads\/2024\/12\/feature-header-9-1536x372.png",1536,372,true],"2048x2048":["https:\/\/inspire-performing-arts.eu\/wp-content\/uploads\/2024\/12\/feature-header-9-2048x496.png",2048,496,true],"trp-custom-language-flag":["https:\/\/inspire-performing-arts.eu\/wp-content\/uploads\/2024\/12\/feature-header-9-18x4.png",18,4,true],"depicter-thumbnail":["https:\/\/inspire-performing-arts.eu\/wp-content\/uploads\/2024\/12\/feature-header-9-200x48.png",200,48,true]},"uagb_author_info":{"display_name":"admin","author_link":"https:\/\/inspire-performing-arts.eu\/de\/author\/inspireadmnrd\/"},"uagb_comment_info":0,"uagb_excerpt":"INSPIRE strives for upscaling the green, the","_links":{"self":[{"href":"https:\/\/inspire-performing-arts.eu\/de\/wp-json\/wp\/v2\/pages\/10","targetHints":{"allow":["GET"]}}],"collection":[{"href":"https:\/\/inspire-performing-arts.eu\/de\/wp-json\/wp\/v2\/pages"}],"about":[{"href":"https:\/\/inspire-performing-arts.eu\/de\/wp-json\/wp\/v2\/types\/page"}],"author":[{"embeddable":true,"href":"https:\/\/inspire-performing-arts.eu\/de\/wp-json\/wp\/v2\/users\/1"}],"replies":[{"embeddable":true,"href":"https:\/\/inspire-performing-arts.eu\/de\/wp-json\/wp\/v2\/comments?post=10"}],"version-history":[{"count":0,"href":"https:\/\/inspire-performing-arts.eu\/de\/wp-json\/wp\/v2\/pages\/10\/revisions"}],"wp:featuredmedia":[{"embeddable":true,"href":"https:\/\/inspire-performing-arts.eu\/de\/wp-json\/wp\/v2\/media\/281"}],"wp:attachment":[{"href":"https:\/\/inspire-performing-arts.eu\/de\/wp-json\/wp\/v2\/media?parent=10"}],"curies":[{"name":"wp","href":"https:\/\/api.w.org\/{rel}","templated":true}]}}